{"id":123,"date":"2011-12-31T08:43:00","date_gmt":"2011-12-31T08:43:00","guid":{"rendered":"http:\/\/lvdca.lt\/new\/?page_id=123"},"modified":"2012-01-10T16:48:54","modified_gmt":"2012-01-10T16:48:54","slug":"teveliams","status":"publish","type":"page","link":"http:\/\/www.lvdca.lt\/?page_id=123","title":{"rendered":"T\u00c4\u2014veliams"},"content":{"rendered":"<h1>T\u00c4\u2013VELIAMS<\/h1>\n<blockquote><p>Koks yra \u00c5?iuolaikinio vyro vaidmuo \u00c5?eimoje? Ar per \u00c5?imtme\u00c4\u00a8ius susiformav\u00c4\u2122s, jis pasikeit\u00c4\u2014?<\/p><\/blockquote>\n<ul>\n<li>Vyras &#8211; saugumo garantas. Laukiant ma\u00c5\u00beylio, vyras atsakingas u\u00c5\u00be b\u00c5\u00absimosios mamyt\u00c4\u2014s ir k\u00c5\u00abdikio savijaut\u00c4\u2026, tod\u00c4\u2014l jo vaidmuo \u00c5?eimoje labai sustipr\u00c4\u2014ja.<\/li>\n<li>Augdamas su t\u00c4\u2014\u00c4\u00a8iu, vaikas stebi, kaip jis elgiasi ir bendrauja su mama, &#8211; tik\u00c4\u2014tina, kad \u00c5?eimoje matyt\u00c4\u2026 vyro ir moters bendravimo model\u00c4\u00c6 jis taikys ir kurdamas savo \u00c5?eim\u00c4\u2026.<\/li>\n<li>Bendraudamas su t\u00c4\u2014\u00c4\u00a8iu, vaikas pamato, kad daugel\u00c4\u00c6 kasdieni\u00c5\u00b3 situacij\u00c5\u00b3 galima i\u00c5?spr\u00c4\u2122sti k\u00c5\u00abrybi\u00c5?kai ir netradici\u00c5?kai. Taigi jis mokosi pasitik\u00c4\u2014jimo savimi ir savaranki\u00c5?kumo.<\/li>\n<li>Ry\u00c5?ys tarp t\u00c4\u2014vo ir vaiko turi lemiam\u00c4\u2026 reik\u00c5?m\u00c4\u2122 vaiko asmenyb\u00c4\u2014s formavimuisi. Jei t\u00c4\u2014vas yra jautrus, reaguoja \u00c4\u00c6 vaik\u00c5\u00b3 emocinius poreikius, jo vaikas auga saugiai.<\/li>\n<li>Nuolatinis bendravimas su t\u00c4\u2014\u00c4\u00a8iu praturtina ir i\u00c5?ple\u00c4\u00a8ia vidin\u00c4\u00c6 vaiko pasaul\u00c4\u00c6. Be to, sukuriamas stiprus emocinis t\u00c4\u2014vo ir vaiko ry\u00c5?ys, kuris gali i\u00c5?likti visam gyvenimui.<\/li>\n<li>Vaikai, kurie glaud\u00c5\u00beiai bendrauja su t\u00c4\u2014vais, b\u00c5\u00abna ma\u00c5\u00beiau link\u00c4\u2122 prad\u00c4\u2014ti r\u00c5\u00abkyti ir re\u00c4\u00a8iau turi b\u00c4\u2014d\u00c5\u00b3 su policija, pasiekia geresni\u00c5\u00b3 rezultat\u00c5\u00b3 moksle ir u\u00c5\u00bemezga geras draugystes su abiej\u00c5\u00b3 ly\u00c4\u00a8i\u00c5\u00b3 vaikais.<\/li>\n<li>Kad ir koks beproti\u00c5?kas b\u00c5\u00abt\u00c5\u00b3 m\u00c5\u00abs\u00c5\u00b3 gyvenimo tempas, kad ir kiek m\u00c5\u00abs\u00c5\u00b3 visuomen\u00c4\u2014 kraut\u00c5\u00b3 atsakomyb\u00c4\u2014s ant vyro pe\u00c4\u00a8i\u00c5\u00b3, t\u00c4\u2014vo vaidmuo netur\u00c4\u2014t\u00c5\u00b3 b\u00c5\u00abti pamir\u00c5?tas. Kad gatv\u00c4\u2014se, parkuose da\u00c5\u00beniau b\u00c5\u00abt\u00c5\u00b3 galima pamatyti bendraujan\u00c4\u00a8i\u00c5\u00b3, \u00c5\u00beaid\u00c5\u00beian\u00c4\u00a8i\u00c5\u00b3 su savo vaikais t\u00c4\u2014\u00c4\u00a8i\u00c5\u00b3, kad vaikai b\u00c5\u00abt\u00c5\u00b3 aukl\u00c4\u2014jami visapusi\u00c5?kai, kad vidin\u00c4\u2014 vyri\u00c5?koji j\u00c4\u2014ga, kuri\u00c4\u2026 kiekvienas t\u00c4\u2014tis gali perduoti savo vaikui, eit\u00c5\u00b3 i\u00c5? kartos \u00c4\u00c6 kart\u00c4\u2026 ir stiprint\u00c5\u00b3 busimas kartas.<\/li>\n<\/ul>\n","protected":false},"excerpt":{"rendered":"<p>test<\/p>\n","protected":false},"author":1,"featured_media":0,"parent":0,"menu_order":0,"comment_status":"open","ping_status":"closed","template":"","meta":{"footnotes":""},"class_list":["post-123","page","type-page","status-publish","hentry"],"_links":{"self":[{"href":"http:\/\/www.lvdca.lt\/index.php?rest_route=\/wp\/v2\/pages\/123","targetHints":{"allow":["GET"]}}],"collection":[{"href":"http:\/\/www.lvdca.lt\/index.php?rest_route=\/wp\/v2\/pages"}],"about":[{"href":"http:\/\/www.lvdca.lt\/index.php?rest_route=\/wp\/v2\/types\/page"}],"author":[{"embeddable":true,"href":"http:\/\/www.lvdca.lt\/index.php?rest_route=\/wp\/v2\/users\/1"}],"replies":[{"embeddable":true,"href":"http:\/\/www.lvdca.lt\/index.php?rest_route=%2Fwp%2Fv2%2Fcomments&post=123"}],"version-history":[{"count":16,"href":"http:\/\/www.lvdca.lt\/index.php?rest_route=\/wp\/v2\/pages\/123\/revisions"}],"predecessor-version":[{"id":449,"href":"http:\/\/www.lvdca.lt\/index.php?rest_route=\/wp\/v2\/pages\/123\/revisions\/449"}],"wp:attachment":[{"href":"http:\/\/www.lvdca.lt\/index.php?rest_route=%2Fwp%2Fv2%2Fmedia&parent=123"}],"curies":[{"name":"wp","href":"https:\/\/api.w.org\/{rel}","templated":true}]}}