{"id":125,"date":"2011-12-31T08:43:13","date_gmt":"2011-12-31T08:43:13","guid":{"rendered":"http:\/\/lvdca.lt\/new\/?page_id=125"},"modified":"2012-01-10T16:48:06","modified_gmt":"2012-01-10T16:48:06","slug":"mamytems","status":"publish","type":"page","link":"http:\/\/www.lvdca.lt\/?page_id=125","title":{"rendered":"Mamyt\u00c4\u2014ms"},"content":{"rendered":"<h1>MAMYT\u00c4\u2013MS<\/h1>\n<blockquote><p><a href=\"http:\/\/www.austejosblogas.lt\/2008\/06\/esi-mama-esi-svarbiausia\/\">Esi mama \u0101\u20ac\u201c esi svarbiausia<\/a>!<\/p><\/blockquote>\n<ul>\n<li>Papildom\u00c5\u00b3 \u00c4\u00c6rodym\u00c5\u00b3 nereikalauja faktas, kad motinos vaidmuo yra itin svarbus. Nuo jos po\u00c5\u00bei\u00c5\u00abrio \u00c4\u00c6 gyvenim\u00c4\u2026, aukl\u00c4\u2014jim\u00c4\u2026, charakterio bruo\u00c5\u00be\u00c5\u00b3 bei b\u00c5\u00abdo ypatybi\u00c5\u00b3 priklauso, kokia u\u00c5\u00beaugusi bus at\u00c5\u00beala.<\/li>\n<li>Mamos \u0101\u20ac\u201c paties brangiausio \u00c5?iame pasaulyje \u00c5\u00bemogaus \u0101\u20ac\u201c paskatinti vaikai keliauja per gyvenim\u00c4\u2026. Jie daug ko ne\u00c5\u00beino, nemoka, bet vienas \u0101\u20ac\u02db\u00c5\u00beinojimas\u0101\u20ac? \u0101\u20ac\u201c giliai \u00c4\u00c6r\u00c4\u2014\u00c5\u00betas \u00c4\u00c6 kiekvieno vaiko \u00c5?ird\u00c4\u00c6 ir mintis: svarbiausias \u00c5\u00bemogus j\u00c5\u00b3 pasaulyje yra Ji \u0101\u20ac\u201c mama&#8230;<\/li>\n<li>Mama \u0101\u20ac\u201c toks visiems vaikams artimas ir \u00c5?iltas \u00c5\u00beodis: pats svarbiausias, mieliausias ir brangiausias. Kokia galia ir kokia meil\u00c4\u2014 telpa jame!.. Ar kada susim\u00c4\u2026st\u00c4\u2014te apie tai?<\/li>\n<li>Kartais net nereikia \u00c5\u00beod\u00c5\u00bei\u00c5\u00b3 ar ypating\u00c5\u00b3 pastang\u00c5\u00b3 \u0101\u20ac\u201c mama, kaip niekas kitas \u00c5?iame pasauly, jau\u00c4\u00a8ia, k\u00c4\u2026 vaikas nori Jai pasakyti, kok\u00c4\u00c6 d\u00c4\u2014kingum\u00c4\u2026 jau\u00c4\u00a8ia&#8230; \u00c5\u00a0irdimi \u00c4\u00c6 \u00c5?ird\u00c4\u00c6, meile \u00c4\u00c6 meil\u00c4\u2122 vienas kitam atsako.<\/li>\n<li>Jos, mamos d\u00c4\u2014ka, mes esame tie, kas esame. Ji i\u00c5?moko mus visko: atleisti, pasitik\u00c4\u2014ti savimi, gerumo, nuo\u00c5?irdumo, moko myl\u00c4\u2014ti savo artim\u00c4\u2026, o svarbiausia \u0101\u20ac\u201c moko b\u00c5\u00abti \u00c5\u00bemogumi. Ir Jai tai puikiai pavyksta. Mama mums \u0101\u20ac\u201c stipryb\u00c4\u2014, gyvenimo ramstis, \u00c5\u00bemogus, \u00c4\u00c6 kur\u00c4\u00c6 da\u00c5\u00beniausiai kreipiam\u00c4\u2014s patarimo, kuriuo, kad ir kas nutikt\u00c5\u00b3, labiausiai pasitikime. Mama skleid\u00c5\u00beia \u00c5?ilum\u00c4\u2026 ir meil\u00c4\u2122. Mes \u00c5\u00beinome, kad b\u00c5\u00absime i\u00c5?klausyti, suprasti, mylimi, paguosti. \u00c5\u00bdinome, kad mama visada d\u00c5\u00beiaugsis m\u00c5\u00abs\u00c5\u00b3 laime kartu su mumis. Ji d\u00c4\u2014l kiekvieno s\u00c4\u2014kmingesnio m\u00c5\u00abs\u00c5\u00b3 \u00c5\u00beingsnelio ar potyrio, net d\u00c4\u2014l kiekvienos m\u00c5\u00abs\u00c5\u00b3 \u00c5?ypsenos ji bus laiminga&#8230;<\/li>\n<li>Mamos \u00c5\u00beod\u00c5\u00beiai, nesvarbu, kada i\u00c5?tarti, lyg aidas skamba vaik\u00c5\u00b3 \u00c5?irdyse.<\/li>\n<li>Motini\u00c5?kumo principas &#8211; tai bes\u00c4\u2026lygi\u00c5?kos meil\u00c4\u2014s principas. Motina myli savo vaikus ne tod\u00c4\u2014l, kad \u00c5?ie jai patinka, bet tod\u00c4\u2014l, kad jie yra jos vaikai. Tod\u00c4\u2014l motinos meil\u00c4\u2014 ne\u00c4\u00c6gyjama geru elgesiu ir neprarandama nusidedant.<\/li>\n<li>Motinyst\u00c4\u2014 \u0101\u20ac\u201c pats sunkiausias ir atsakingiausias darbas pasaulyje. Ji gali ir pakyl\u00c4\u2014ti \u00c4\u00c6 did\u00c5\u00beiausias auk\u00c5?tybes.<\/li>\n<li>Nieko \u00c5?iame pasauly n\u00c4\u2014ra svarbesnio u\u00c5\u00be motinos ir vaiko ry\u00c5?\u00c4\u00c6. Mamos \u00c5?irdies plakimas sujungtas su vaik\u00c5\u00b3 \u00c5?ird\u00c5\u00bei\u00c5\u00b3 plakimu. Jei kas neg\u00c4\u2122sta \u00c5?iame gyvenime \u0101\u20ac\u201c tai ta meil\u00c4\u2014: nuo\u00c5?ird\u00c5\u00beiausia, atviriausia, vienintel\u00c4\u2014, kurios nereikia saugoti, nes ji savaime gyva ir pulsuoja mumyse.<\/li>\n<li>Mama \u0101\u20ac\u201c tai \u00c5?iluma, kuri visada \u00c5?ildo net pa\u00c4\u00a8i\u00c4\u2026 tamsiausi\u00c4\u2026 ir \u00c5?al\u00c4\u00a8iausi\u00c4\u2026 nakt\u00c4\u00c6. \u00c5\u00a0iluma, be kurios viskas \u0101\u20ac\u201c ne taip gra\u00c5\u00beu ir miela. Ji visada su mumis: gali apkabinti ir gali i\u00c5?klausyti, Ji gyvena m\u00c5\u00abs\u00c5\u00b3 sielose, visada yra \u00c5?alia. Niekas to neatims. Negali atimti. Mama \u0101\u20ac\u201c tai meil\u00c4\u2014, o meil\u00c4\u2014 \u0101\u20ac\u201c kaip v\u00c4\u2014jas: jos nematai, bet jauti.<\/li>\n<\/ul>\n","protected":false},"excerpt":{"rendered":"<p>MAMYT\u00c4\u2013MS Esi mama \u0101\u20ac\u201c esi svarbiausia! Papildom\u00c5\u00b3 \u00c4\u00c6rodym\u00c5\u00b3 nereikalauja faktas, kad motinos vaidmuo yra itin svarbus. Nuo jos po\u00c5\u00bei\u00c5\u00abrio \u00c4\u00c6 gyvenim\u00c4\u2026, aukl\u00c4\u2014jim\u00c4\u2026, charakterio bruo\u00c5\u00be\u00c5\u00b3 bei b\u00c5\u00abdo ypatybi\u00c5\u00b3 priklauso, kokia u\u00c5\u00beaugusi bus at\u00c5\u00beala. Mamos \u0101\u20ac\u201c paties brangiausio \u00c5?iame pasaulyje \u00c5\u00bemogaus \u0101\u20ac\u201c paskatinti vaikai keliauja per gyvenim\u00c4\u2026. Jie daug ko ne\u00c5\u00beino, nemoka, bet vienas \u0101\u20ac\u02db\u00c5\u00beinojimas\u0101\u20ac? \u0101\u20ac\u201c giliai [&hellip;]<\/p>\n","protected":false},"author":1,"featured_media":0,"parent":0,"menu_order":0,"comment_status":"open","ping_status":"open","template":"","meta":{"footnotes":""},"class_list":["post-125","page","type-page","status-publish","hentry"],"_links":{"self":[{"href":"http:\/\/www.lvdca.lt\/index.php?rest_route=\/wp\/v2\/pages\/125","targetHints":{"allow":["GET"]}}],"collection":[{"href":"http:\/\/www.lvdca.lt\/index.php?rest_route=\/wp\/v2\/pages"}],"about":[{"href":"http:\/\/www.lvdca.lt\/index.php?rest_route=\/wp\/v2\/types\/page"}],"author":[{"embeddable":true,"href":"http:\/\/www.lvdca.lt\/index.php?rest_route=\/wp\/v2\/users\/1"}],"replies":[{"embeddable":true,"href":"http:\/\/www.lvdca.lt\/index.php?rest_route=%2Fwp%2Fv2%2Fcomments&post=125"}],"version-history":[{"count":8,"href":"http:\/\/www.lvdca.lt\/index.php?rest_route=\/wp\/v2\/pages\/125\/revisions"}],"predecessor-version":[{"id":448,"href":"http:\/\/www.lvdca.lt\/index.php?rest_route=\/wp\/v2\/pages\/125\/revisions\/448"}],"wp:attachment":[{"href":"http:\/\/www.lvdca.lt\/index.php?rest_route=%2Fwp%2Fv2%2Fmedia&parent=125"}],"curies":[{"name":"wp","href":"https:\/\/api.w.org\/{rel}","templated":true}]}}