{"id":127,"date":"2011-12-31T08:43:21","date_gmt":"2011-12-31T08:43:21","guid":{"rendered":"http:\/\/lvdca.lt\/new\/?page_id=127"},"modified":"2019-06-06T17:29:55","modified_gmt":"2019-06-06T17:29:55","slug":"naujienos","status":"publish","type":"page","link":"http:\/\/www.lvdca.lt\/?page_id=127","title":{"rendered":"Naujienos"},"content":{"rendered":"<h3 style=\"text-align: left;\"><strong>PROJEKTAS <\/strong><strong>\u00e2\u20ac\u017eAKTYVUS SOCIALIN\u00c4\u02dc ATSKIRT\u00c4\u00ae PATIRIAN\u00c4\u0152I\u00c5\u00b2 ASMEN\u00c5\u00b2 \u00c4\u00aeTRAUKIMAS \u00c4\u00ae DARBO RINK\u00c4\u201e\u00e2\u20ac\u0153 <\/strong>Projekto nr. 08.3.1-ESFA-K-413-01-0054<\/h3>\n<p style=\"text-align: left;\"><strong>&nbsp;<\/strong><\/p>\n<p style=\"text-align: left;\"><a href=\"http:\/\/www.lvdca.lt\/wp-content\/uploads\/2011\/12\/unnamed-file.png\"><img decoding=\"async\" class=\"alignnone size-full wp-image-550\" src=\"http:\/\/www.lvdca.lt\/wp-content\/uploads\/2011\/12\/unnamed-file.png\" alt=\"\" width=\"281\" height=\"95\" srcset=\"http:\/\/www.lvdca.lt\/wp-content\/uploads\/2011\/12\/unnamed-file.png 281w, http:\/\/www.lvdca.lt\/wp-content\/uploads\/2011\/12\/unnamed-file-160x54.png 160w, http:\/\/www.lvdca.lt\/wp-content\/uploads\/2011\/12\/unnamed-file-220x74.png 220w\" sizes=\"(max-width: 281px) 100vw, 281px\" \/><\/a> <a href=\"http:\/\/www.lvdca.lt\/wp-content\/uploads\/2011\/12\/iiii.jpg\"><img decoding=\"async\" class=\"alignnone size-full wp-image-551\" src=\"http:\/\/www.lvdca.lt\/wp-content\/uploads\/2011\/12\/iiii.jpg\" alt=\"\" width=\"246\" height=\"155\" srcset=\"http:\/\/www.lvdca.lt\/wp-content\/uploads\/2011\/12\/iiii.jpg 246w, http:\/\/www.lvdca.lt\/wp-content\/uploads\/2011\/12\/iiii-160x100.jpg 160w, http:\/\/www.lvdca.lt\/wp-content\/uploads\/2011\/12\/iiii-220x140.jpg 220w\" sizes=\"(max-width: 246px) 100vw, 246px\" \/><\/a><\/p>\n<p style=\"text-align: left;\">&nbsp;&nbsp;&nbsp;&nbsp; Kintanti ekonomin\u00c4\u2014 situacija Lietuvoje pastaraisiais metais tapo&nbsp; skaud\u00c5\u00beiu i\u00c5\u00a1\u00c5\u00a1\u00c5\u00abkiu daugeliui Lietuvos gyventoj\u00c5\u00b3. \u00c5\u00a0i kriz\u00c4\u2014 itin paliet\u00c4\u2014 ma\u00c5\u00beesniuose rajonuose, toliau nuo did\u00c5\u00bei\u00c5\u00b3j\u00c5\u00b3 miet\u00c5\u00b3 centr\u00c5\u00b3 nutolusiose vietov\u00c4\u2014se gyvenan\u00c4\u008dius asmenis \u00e2\u20ac\u201c jiems tapo sunkiau arba ne\u00c4\u00afmanoma konkuruoti darbo rinkoje, turimi \u00c4\u00afg\u00c5\u00abd\u00c5\u00beiai bei kompetencijos tapo netokie paklaus\u00c5\u00abs kintan\u00c4\u008dioje darbo rinkoje.<\/p>\n<p style=\"text-align: left;\">Siekiant keisti \u00c5\u00a1i\u00c4\u2026 situacij\u00c4\u2026 nuo 2018 m. 05 m. penkiuose regionuose \u00e2\u20ac\u201c Bir\u00c5\u00beuose, Pasvalyje, Kupi\u00c5\u00a1kyje,&nbsp; Panev\u00c4\u2014\u00c5\u00beyje, Roki\u00c5\u00a1kyje buvo prad\u00c4\u2014tas \u00c4\u00afgyvendinti&nbsp; projektas \u00e2\u20ac\u017eAktyvus socialin\u00c4\u2122 atskirt\u00c4\u00af pairian\u00c4\u008di\u00c5\u00b3 asmen\u00c5\u00b3 \u00c4\u00aftraukimas \u00c4\u00af darbo rink\u00c4\u2026\u00e2\u20ac\u0153. Projekt\u00c4\u2026 \u00c4\u00afgyvendina Lietuvos vaik\u00c5\u00b3 dienos centr\u00c5\u00b3 asociacija. &nbsp;Projektas bus \u00c4\u00afgyvendinamas iki 2022 m. 04 m. <em>Projekto tikslas&nbsp; &#8211; t<\/em><em>eikiant kompleksines psichosocialin\u00c4\u2014s integracijos&nbsp; ir darbinio u\u00c5\u00beimtumo aktyvinimo paslaugas, pad\u00c4\u2014ti socialin\u00c4\u2122 atskirt\u00c4\u00af patiriantiems asmenims, integruotis \u00c4\u00af darbo rink\u00c4\u2026.<\/em><\/p>\n<p style=\"text-align: left;\">Svarbu tai, jog \u00c4\u00afgyvendinant projekt\u00c4\u2026, kartu su darbinio u\u00c5\u00beimtumo skatinimo veiklomis bus vykdoma ir &nbsp;intensyvi psichosocialin\u00c4\u2014 pagalba (individualus psichosocialinis konsultavimas, psichologinis konsultavimas ir kt.). Projekto metu klientai ne tik \u00c4\u00afgis\/perkvalifikuos darbinius \u00c4\u00afg\u00c5\u00abd\u00c5\u00beius, bet tai pat ir taps aktyviais ir u\u00c5\u00be savo gyvenimo kokyb\u00c4\u2122 atsakingais bendruomen\u00c4\u2014s nariais. Projekto veiklomis bus sukurtas ilgalaikis&nbsp; rezultatas \u00e2\u20ac\u201c asmenys taps socialiai atsparesni aplinkos i\u00c5\u00a1\u00c5\u00a1\u00c5\u00abkiams ir poky\u00c4\u008diams; geb\u00c4\u2014s pasinaudoti \u00c4\u00afgytais \u00c4\u00afg\u00c5\u00abd\u00c5\u00beiais; i\u00c5\u00a1ugd\u00c5\u00beius bendruosius geb\u00c4\u2014jimus efektyviau funkcionuos bendruomen\u00c4\u2014je, geb\u00c4\u2014s kurti atsakomybe bei asmenine motyvacija kurtus santykius su darbdaviais ir kitais visuomen\u00c4\u2014s nariais. \u00c4\u00aegyvendinus projekt\u00c4\u2026 bus atskleistas tikslin\u00c4\u2014s grup\u00c4\u2014s poreikis psichosocialin\u00c4\u2014ms paslaugoms, teikiamos paslaugos pad\u00c4\u2014s ma\u00c5\u00beinti socialin\u00c4\u2122 atskirt\u00c4\u00af d\u00c4\u2014l nesugeb\u00c4\u2014jimo konkuruoti darbo rinkoje; \u00c4\u00afgyti nauji \u00c4\u00afg\u00c5\u00abd\u00c5\u00beiai prisid\u00c4\u2014s prie darbinio u\u00c5\u00beimtumo didinimo, taip skatinant socialin\u00c4\u2122 darn\u00c4\u2026 regione.<\/p>\n<p style=\"text-align: left;\">Projekto \u00c4\u00afgyvendinimo metu bus suteiktos paslaugos 250 asmen\u00c5\u00b3. Paslaugos bus teikiamos \u00c5\u00a1iems asmenims:<\/p>\n<ul style=\"text-align: left;\">\n<li>Asmenims, paleistiems i\u00c5\u00a1 laisv\u00c4\u2014s at\u00c4\u2014mimo viet\u00c5\u00b3, nedirbantiems ir nesimokantiems probacijos pareig\u00c5\u00abn\u00c5\u00b3 pri\u00c5\u00bei\u00c5\u00abrimiems asmenims;<\/li>\n<li>Ne\u00c4\u00afgaliesiems;<\/li>\n<li>socialin\u00c4\u2014s rizikos \u00c5\u00a1eimoms,<\/li>\n<li>socialin\u00c4\u2014s rizikos vaikams (nuo 14m.)<\/li>\n<li>benamiams,<\/li>\n<li>alkoholiu piktnaud\u00c5\u00beiaujantis asmenims, socialin\u00c4\u2014s pa\u00c5\u00a1alpos gav\u00c4\u2014jams.<\/li>\n<\/ul>\n<p style=\"text-align: left;\"><strong>Projekto \u00c4\u00afgyvendinimo partneriai: paslaug\u00c5\u00b3 teikimo vietos<\/strong><\/p>\n<p style=\"text-align: left;\"><em>Bir\u00c5\u00beai: K\u00c4\u2122stu\u00c4\u008dio g. 12, vaik\u00c5\u00b3 dienos centras \u00e2\u20ac\u017eVilties \u00c5\u00a1viesa\u00e2\u20ac\u0153. <\/em><\/p>\n<p style=\"text-align: left;\"><em>Pasvalys:<\/em> Nepriklausomyb\u00c4\u2014s a. 2, Pasvalio \u00c5\u00a0v.Jono Krik\u00c5\u00a1tytojo parapija.<\/p>\n<p style=\"text-align: left;\"><em>Panev\u00c4\u2014\u00c5\u00beys: Stani\u00c5\u00abn\u00c5\u00b3 g. 72c-111, vaik\u00c5\u00b3 dienos centras \u00e2\u20ac\u017eVilties arka\u00e2\u20ac\u0153 <\/em><\/p>\n<p style=\"text-align: left;\"><em>Roki\u00c5\u00a1kis: <\/em>Vytauto g. 20, Jaunimo informavimo ir konsultavimo ta\u00c5\u00a1kas.<\/p>\n<p style=\"text-align: left;\"><em>Kupi\u00c5\u00a1kis:&nbsp; <\/em>Vilniaus g. 8, Kupi\u00c5\u00a1kio vaik\u00c5\u00b3 dienos centras<\/p>\n<p style=\"text-align: left;\">&nbsp;<\/p>\n<p style=\"text-align: left;\">&nbsp;<\/p>\n<p>&nbsp;<\/p>\n<p>&nbsp;<\/p>\n","protected":false},"excerpt":{"rendered":"<p>PROJEKTAS \u00e2\u20ac\u017eAKTYVUS SOCIALIN\u00c4\u02dc ATSKIRT\u00c4\u00ae PATIRIAN\u00c4\u0152I\u00c5\u00b2 ASMEN\u00c5\u00b2 \u00c4\u00aeTRAUKIMAS \u00c4\u00ae DARBO RINK\u00c4\u201e\u00e2\u20ac\u0153 Projekto nr. 08.3.1-ESFA-K-413-01-0054 &nbsp; &nbsp;&nbsp;&nbsp;&nbsp; Kintanti ekonomin\u00c4\u2014 situacija Lietuvoje pastaraisiais metais tapo&nbsp; skaud\u00c5\u00beiu i\u00c5\u00a1\u00c5\u00a1\u00c5\u00abkiu daugeliui Lietuvos gyventoj\u00c5\u00b3. \u00c5\u00a0i kriz\u00c4\u2014 itin paliet\u00c4\u2014 ma\u00c5\u00beesniuose rajonuose, toliau nuo did\u00c5\u00bei\u00c5\u00b3j\u00c5\u00b3 miet\u00c5\u00b3 centr\u00c5\u00b3 nutolusiose vietov\u00c4\u2014se gyvenan\u00c4\u008dius asmenis \u00e2\u20ac\u201c jiems tapo sunkiau arba ne\u00c4\u00afmanoma konkuruoti darbo rinkoje, turimi \u00c4\u00afg\u00c5\u00abd\u00c5\u00beiai bei kompetencijos [&hellip;]<\/p>\n","protected":false},"author":1,"featured_media":0,"parent":0,"menu_order":0,"comment_status":"open","ping_status":"open","template":"","meta":{"footnotes":""},"class_list":["post-127","page","type-page","status-publish","hentry"],"_links":{"self":[{"href":"http:\/\/www.lvdca.lt\/index.php?rest_route=\/wp\/v2\/pages\/127","targetHints":{"allow":["GET"]}}],"collection":[{"href":"http:\/\/www.lvdca.lt\/index.php?rest_route=\/wp\/v2\/pages"}],"about":[{"href":"http:\/\/www.lvdca.lt\/index.php?rest_route=\/wp\/v2\/types\/page"}],"author":[{"embeddable":true,"href":"http:\/\/www.lvdca.lt\/index.php?rest_route=\/wp\/v2\/users\/1"}],"replies":[{"embeddable":true,"href":"http:\/\/www.lvdca.lt\/index.php?rest_route=%2Fwp%2Fv2%2Fcomments&post=127"}],"version-history":[{"count":6,"href":"http:\/\/www.lvdca.lt\/index.php?rest_route=\/wp\/v2\/pages\/127\/revisions"}],"predecessor-version":[{"id":549,"href":"http:\/\/www.lvdca.lt\/index.php?rest_route=\/wp\/v2\/pages\/127\/revisions\/549"}],"wp:attachment":[{"href":"http:\/\/www.lvdca.lt\/index.php?rest_route=%2Fwp%2Fv2%2Fmedia&parent=127"}],"curies":[{"name":"wp","href":"https:\/\/api.w.org\/{rel}","templated":true}]}}