{"id":224,"date":"2012-01-04T16:49:32","date_gmt":"2012-01-04T16:49:32","guid":{"rendered":"http:\/\/lvdca.lt\/new\/?page_id=224"},"modified":"2012-01-10T16:34:28","modified_gmt":"2012-01-10T16:34:28","slug":"vaiku-dienos-centrai","status":"publish","type":"page","link":"http:\/\/www.lvdca.lt\/?page_id=224","title":{"rendered":"Vaik\u00c5\u00b3 dienos centrai"},"content":{"rendered":"<h1>Vaik\u00c5\u00b3 dienos centrai<\/h1>\n<p>Vaik\u00c5\u00b3 dienos centruose teikiamos socialin\u00c4\u2014s ir ugdymo paslaugos socialin\u00c4\u2014s rizikos \u00c5?eimoms ir vaikams. Pagal Nacionalin\u00c4\u2122 Vaik\u00c5\u00b3 dienos centr\u00c5\u00b3 program\u00c4\u2026 juose yra organizuojamas: vaik\u00c5\u00b3 ugdymas, pamok\u00c5\u00b3 ruo\u00c5?a, laisvalaikio u\u00c5\u00beimtumas, maitinimas. Centruose dirba socialiniai darbuotojai, socialiniai pedagogai, pedagogai, edukologai, psichologai. Vaikus \u00c4\u00c6 dienos centrus nukreipia: Vaiko teisi\u00c5\u00b3 apsaugos skyriai, Socialini\u00c5\u00b3 paslaug\u00c5\u00b3 centrai, mokyklos.<\/p>\n<h2>Vaik\u00c5\u00b3 dienos centr\u00c5\u00b3 svarbiausi tikslai:<\/h2>\n<ul>\n<li>Teikti socialines paslaugas rizikos grup\u00c4\u2014s vaikams ir \u00c5?eimoms, padedant jiems integruotis \u00c4\u00c6 visuomen\u00c4\u2122.<\/li>\n<li>Dirbti socialin\u00c4\u00c6 darb\u00c4\u2026 su socialin\u00c4\u2014s rizikos \u00c5?eimomis, kad b\u00c5\u00abt\u00c5\u00b3 u\u00c5\u00betikrintos tinkamos s\u00c4\u2026lygos vaikams augti j\u00c5\u00b3 biologin\u00c4\u2014se \u00c5?eimose.<\/li>\n<li>U\u00c5\u00beimti socialin\u00c4\u2014s rizikos vaik\u00c5\u00b3 laisvalaik\u00c4\u00c6 \u00c4\u00c6domia ir k\u00c5\u00abrybinga veikla, atitraukiant juos nuo neigiamos gatv\u00c4\u2014s \u00c4\u00c6takos, alkoholio ir kit\u00c5\u00b3 narkotini\u00c5\u00b3 med\u00c5\u00beiag\u00c5\u00b3 vartojimo.<\/li>\n<li>Ugdyti vaik\u00c5\u00b3 ir paaugli\u00c5\u00b3 bendravimo \u00c4\u00c6g\u00c5\u00abd\u00c5\u00beius, savaranki\u00c5?kum\u00c4\u2026, k\u00c5\u00abrybi\u00c5?kum\u00c4\u2026, kelti j\u00c5\u00b3 savivert\u00c4\u2122.<\/li>\n<\/ul>\n","protected":false},"excerpt":{"rendered":"<p><!--Vaik\u00c5\u00b3 dienos centrai Lietuvoje--><\/p>\n","protected":false},"author":1,"featured_media":0,"parent":0,"menu_order":0,"comment_status":"open","ping_status":"open","template":"","meta":{"footnotes":""},"class_list":["post-224","page","type-page","status-publish","hentry"],"_links":{"self":[{"href":"http:\/\/www.lvdca.lt\/index.php?rest_route=\/wp\/v2\/pages\/224","targetHints":{"allow":["GET"]}}],"collection":[{"href":"http:\/\/www.lvdca.lt\/index.php?rest_route=\/wp\/v2\/pages"}],"about":[{"href":"http:\/\/www.lvdca.lt\/index.php?rest_route=\/wp\/v2\/types\/page"}],"author":[{"embeddable":true,"href":"http:\/\/www.lvdca.lt\/index.php?rest_route=\/wp\/v2\/users\/1"}],"replies":[{"embeddable":true,"href":"http:\/\/www.lvdca.lt\/index.php?rest_route=%2Fwp%2Fv2%2Fcomments&post=224"}],"version-history":[{"count":25,"href":"http:\/\/www.lvdca.lt\/index.php?rest_route=\/wp\/v2\/pages\/224\/revisions"}],"predecessor-version":[{"id":299,"href":"http:\/\/www.lvdca.lt\/index.php?rest_route=\/wp\/v2\/pages\/224\/revisions\/299"}],"wp:attachment":[{"href":"http:\/\/www.lvdca.lt\/index.php?rest_route=%2Fwp%2Fv2%2Fmedia&parent=224"}],"curies":[{"name":"wp","href":"https:\/\/api.w.org\/{rel}","templated":true}]}}