{"id":305,"date":"2012-01-09T20:13:34","date_gmt":"2012-01-09T20:13:34","guid":{"rendered":"http:\/\/lvdca.lt\/new\/?page_id=305"},"modified":"2012-01-16T10:59:53","modified_gmt":"2012-01-16T10:59:53","slug":"kauno-apskirtis","status":"publish","type":"page","link":"http:\/\/www.lvdca.lt\/?page_id=305","title":{"rendered":"Kauno apskirtis"},"content":{"rendered":"<p>\u00c4\u00aemon\u00c4\u2014s pavadinimas <strong>Savivaldyb\u00c4\u2014s biud\u00c5\u00beetin\u00c4\u2014 \u00c4\u00c6staiga Kauno rajono socialini\u00c5\u00b3 paslaug\u00c5\u00b3 centras<\/strong><\/p>\n<ul>\n<li>\u00c4\u00aemon\u00c4\u2014s kodas 300651302<\/li>\n<li>Buvein\u00c4\u2014s adresas, miestas E\u00c5\u00beero g. 3, 47166 Kaunas<\/li>\n<li>VDC pavadinimas (jei skiriasi) Garliavos vaik\u00c5\u00b3 dienos centras<\/li>\n<li>VDC adresas (jei skiriasi) Vytauto g. 68, Garliava, Kauno r.<\/li>\n<li>Telefon\u00c5\u00b3, fakso Nr. Tel. (8 37) 32 81 95; fax.: (8 37) 38 49 89<\/li>\n<li>Elektroninis pa\u00c5?tas centras@kanorspc.lt<\/li>\n<\/ul>\n<p>\u00c4\u00aemon\u00c4\u2014s pavadinimas <strong>Kauno arkivyskupijos \u00c5?eimos centras<\/strong><\/p>\n<ul>\n<li>\u00c4\u00aemon\u00c4\u2014s kodas 192067774<\/li>\n<li>Buvein\u00c4\u2014s adresas, miestas Vilniaus g. 29, Kaunas<\/li>\n<li>Telefon\u00c5\u00b3, fakso Nr. 8 45 437371_<\/li>\n<li>Elektroninis pa\u00c5?tas zanetasimkiene@yahoo.com<\/li>\n<\/ul>\n<p>\u00c4\u00aemon\u00c4\u2014s pavadinimas <strong>V\u00c5\u00a0\u00c4\u00ae VILIJAMPOL\u00c4\u2013S DAIL\u00c4\u2013S CENTRAS<\/strong><\/p>\n<ul>\n<li>\u00c4\u00aemon\u00c4\u2014s kodas 136016783<\/li>\n<li>Buvein\u00c4\u2014s adresas, miestas BALT\u00c5\u00b2 PR. 161-41 , KAUNAS<\/li>\n<li>Telefon\u00c5\u00b3, fakso Nr. 8681 30897<\/li>\n<li>Elektroninis pa\u00c5?tas vdailes@gmail.com<\/li>\n<\/ul>\n<p>\u00c4\u00aemon\u00c4\u2014s pavadinimas <strong>Marijos Krik\u00c5?\u00c4\u00a8ioni\u00c5\u00b3 pagalbos Dukter\u00c5\u00b3 Institutas<\/strong><\/p>\n<ul>\n<li>\u00c4\u00aemon\u00c4\u2014s kodas 192053454<\/li>\n<li>Buvein\u00c4\u2014s adresas, miestas Mari\u00c5\u00b3 20b, LT-52247 Kaunas<\/li>\n<li>Telefon\u00c5\u00b3, fakso Nr. 8 37 373533; 8 37 373600<\/li>\n<li>Elektroninis pa\u00c5?tas fma.kaunas@takas.lt; irutefma@gmail.com<\/li>\n<\/ul>\n<p>\u00c4\u00aemon\u00c4\u2014s pavadinimas <strong>V\u00c5\u00a0\u00c4\u00ae Psichologin\u00c4\u2014s paramos ir konsultavimo centras<\/strong><\/p>\n<ul>\n<li>\u00c4\u00aemon\u00c4\u2014s kodas 160303227<\/li>\n<li>Buvein\u00c4\u2014s adresas, miestas Kaunas<\/li>\n<li>Telefon\u00c5\u00b3, fakso Nr. 868097611; 868236993<\/li>\n<li>Elektroninis pa\u00c5?tas Ppkcentras@yahoo.com<\/li>\n<\/ul>\n<p>\u00c4\u00aemon\u00c4\u2014s pavadinimas <strong>Kauno \u00c5\u00a0ven\u00c4\u00a8iausiosios J\u00c4\u2014zaus \u00c5\u00a0irdies (\u00c5\u00a0an\u00c4\u00a8i\u00c5\u00b3) parapija<\/strong><\/p>\n<ul>\n<li>\u00c4\u00aemon\u00c4\u2014s kodas 19120751<\/li>\n<li>Buvein\u00c4\u2014s adresas, miestas A. Juozapavi\u00c4\u00a8iaus pr. 60, LT-45219, Kaunas<\/li>\n<li>VDC pavadinimas Kauno \u00c5\u00a0ven\u00c4\u00a8iausiosios J\u00c4\u2014zaus \u00c5\u00a0irdies (\u00c5\u00a0an\u00c4\u00a8i\u00c5\u00b3) parapijos vaik\u00c5\u00b3 dienos centras<\/li>\n<li>Telefon\u00c5\u00b3, fakso Nr. +370 37 34 04 79, +37061582443<\/li>\n<li>Elektroninis pa\u00c5?tas info@sanciuparapija.lt, gu86va@yahoo.com<\/li>\n<\/ul>\n<p>\u00c4\u00aemon\u00c4\u2014s pavadinimas <strong>Vie\u00c5?oji \u00c4\u00c6staiga Senamies\u00c4\u00a8io vaik\u00c5\u00b3 dienos centras<\/strong><\/p>\n<ul>\n<li>\u00c4\u00aemon\u00c4\u2014s kodas 135632740<\/li>\n<li>Buvein\u00c4\u2014s adresas, miestas Dauk\u00c5?os 52\/Jonavos 14, Kaunas<\/li>\n<li>Telefon\u00c5\u00b3, fakso Nr. _tel.\/fax:__837 423310<\/li>\n<li>Elektroninis pa\u00c5?tas senvdc@gmail.com, senvdc@takas.lt<\/li>\n<\/ul>\n<p>\u00c4\u00aemon\u00c4\u2014s pavadinimas<strong> V\u00c5?\u00c4\u00ae \u00c5\u00a0eimos santyki\u00c5\u00b3 institutas<\/strong><\/p>\n<ul>\n<li>\u00c4\u00aemon\u00c4\u2014s kodas 135809596<\/li>\n<li>Buvein\u00c4\u2014s adresas, miestas L.Zamenhofo g. 9\/Kurpi\u00c5\u00b3 g. 10, Kaunas<\/li>\n<li>Telefon\u00c5\u00b3, fakso Nr. 8 37 750 935, fax. 8 37 750 936<\/li>\n<li>Elektroninis pa\u00c5?tas pagalba@ssinstitut.lt<\/li>\n<\/ul>\n<p>\u00c4\u00aemon\u00c4\u2014s pavadinimas <strong>Vaik\u00c5\u00b3 dienos centras \u0101\u20ac\u02dbVaik\u00c5\u00b3 stotel\u00c4\u2014\u0101\u20ac?<\/strong><\/p>\n<ul>\n<li>\u00c4\u00aemon\u00c4\u2014s kodas 192066334 (Lietuvos Caritas)<\/li>\n<li>Buvein\u00c4\u2014s adresas, miestas Karaliaus Mindaugo pr.48a\/Gedimino g.5, Kaunas LT-44333<\/li>\n<li>Telefon\u00c5\u00b3, fakso Nr. 8-37-209560, 8675-81981<\/li>\n<li>Elektroninis pa\u00c5?tas stotiescentras@yahoo.com, j.miseviciene@gmail.com<\/li>\n<\/ul>\n<p>\u00c4\u00aemon\u00c4\u2014s pavadinimas <strong>Labdaros ir paramos fondas \u0101\u20ac\u02dbTavo galimyb\u00c4\u2014\u0101\u20ac?<\/strong><\/p>\n<ul>\n<li>\u00c4\u00aemon\u00c4\u2014s kodas 135687014<\/li>\n<li>Buvein\u00c4\u2014s adresas, miestas M.Dauk\u00c5?os g. 10A, Kaunas LT-44280<\/li>\n<li>Telefon\u00c5\u00b3, fakso Nr. 860025188<\/li>\n<li>Elektroninis pa\u00c5?tas tavogalimybe@gmail.com<\/li>\n<li>\u00c4\u00aemon\u00c4\u2014s pavadinimas Lietuvos Samarie\u00c4\u00a8i\u00c5\u00b3 bendrijos Kauno skyrius<\/li>\n<li>\u00c4\u00aemon\u00c4\u2014s kodas 193376827<\/li>\n<li>Buvein\u00c4\u2014s adresas, miestas \u00c5\u00a0v. Gertr\u00c5\u00abdos 17\/ Gimnazijos 4<\/li>\n<li>Telefon\u00c5\u00b3, fakso Nr. (8 37) 32 15 72<\/li>\n<li>Elektroninis pa\u00c5?tas samarie\u00c4\u00a8iai@one.lt<\/li>\n<\/ul>\n<p>\u00c4\u00aemon\u00c4\u2014s pavadinimas <strong>\u0101\u20ac?Actio Catholica Patria<\/strong><\/p>\n<ul>\n<li>\u00c4\u00aemon\u00c4\u2014s kodas 190777829<\/li>\n<li>Buvein\u00c4\u2014s adresas, miestas Rotu\u00c5?\u00c4\u2014s a. 23, Kaunas<\/li>\n<li>Telefon\u00c5\u00b3, fakso Nr. +370 37 322882, +370 37 323860<\/li>\n<li>Elektroninis pa\u00c5?tas info@patria.lt<\/li>\n<\/ul>\n<p>\u00c4\u00aemon\u00c4\u2014s pavadinimas <strong>LPF ,,Nemuno kra\u00c5?to vaikai<\/strong><\/p>\n<ul>\n<li>\u00c4\u00aemon\u00c4\u2014s kodas 300036184<\/li>\n<li>Buvein\u00c4\u2014s adresas, miestas \u00c5\u00a0lait\u00c5\u00b3 g. 9, Vilkija, LT 54224 Kauno r<\/li>\n<li>Telefon\u00c5\u00b3, fakso Nr. Tel.\/fax. 8-37 556 182<\/li>\n<li>Elektroninis pa\u00c5?tas nemunovaikai@gmail.com<\/li>\n<\/ul>\n<p>\u00c4\u00aemon\u00c4\u2014s pavadinimas <strong>Labdaros ir paramos fondas \u0101\u20ac\u02dbTavo svajon\u00c4\u2014\u0101\u20ac?<\/strong><\/p>\n<ul>\n<li>\u00c4\u00aemon\u00c4\u2014s kodas 302316135<\/li>\n<li>Buvein\u00c4\u2014s adresas, miestas Birut\u00c4\u2014s g. 14, K\u00c4\u2014dainiai<\/li>\n<li>Telefon\u00c5\u00b3, fakso Nr. mob. 862066767 tel. 834751242 faks. 834761242<\/li>\n<li>Elektroninis pa\u00c5?tas tavosvajones@gmail.com deividostudija@gmail.com<\/li>\n<\/ul>\n<p>\u00c4\u00aemon\u00c4\u2014s pavadinimas <strong>Lietuvos Ruadonojo Kry\u00c5\u00beiaus draugija Raseini\u00c5\u00b3 rajono komitetas<\/strong><\/p>\n<ul>\n<li>\u00c4\u00aemon\u00c4\u2014s kodas 190679146<\/li>\n<li>Buvein\u00c4\u2014s adresas, miestas V. Grybo g. 25, Raseiniai<\/li>\n<li>VDC pavadinimas Vaik\u00c5\u00b3 prie\u00c5\u00bei\u00c5\u00abros, ugdymo, reabilitacijos ir u\u00c5\u00beimtumo vaik\u00c5\u00b3 dienos centras<\/li>\n<li>VDC adresas V. Kudirkos g. 7, Raseiniai<\/li>\n<li>Telefon\u00c5\u00b3, fakso Nr. 8 686 51931<\/li>\n<li>Elektroninis pa\u00c5?tas alma.kurmauskiene@gmail.com<\/li>\n<li>\u00c4\u00aemon\u00c4\u2014s pavadinimas Vie\u00c5?oji \u00c4\u00c6staiga Rum\u00c5?i\u00c5?ki\u00c5\u00b3 vaik\u00c5\u00b3 dienos centras<\/li>\n<li>\u00c4\u00aemon\u00c4\u2014s kodas 158990764<\/li>\n<li>Buvein\u00c4\u2014s adresas, miestas J. Ais\u00c4\u00a8io g. 4, Rum\u00c5?i\u00c5?k\u00c4\u2014s, LT-56335 Kai\u00c5?iadori\u00c5\u00b3 raj.<\/li>\n<li>Telefon\u00c5\u00b3, fakso Nr. 8 346 47124<\/li>\n<li>Elektroninis pa\u00c5?tas on_ute@yahoo.com<\/li>\n<\/ul>\n<p>\u00c4\u00aemon\u00c4\u2014s pavadinimas <strong>Visuomenin\u00c4\u2014 organizacija \u0101\u20ac\u02dbU\u00c5\u00beusali\u00c5\u00b3 bendruomen\u00c4\u2014s centras\u0101\u20ac?<\/strong><\/p>\n<ul>\n<li>\u00c4\u00aemon\u00c4\u2014s kodas 156869917<\/li>\n<li>Buvein\u00c4\u2014s adresas, miestas U\u00c5\u00beusali\u00c5\u00b3 sen., U\u00c5\u00beusali\u00c5\u00b3 kaimas, Taikos g. 27<\/li>\n<li>VDC pavadinimas Vaik\u00c5\u00b3 dienos centras \u0101\u20ac\u02dbPagalbos \u00c5\u00beiburys\u0101\u20ac?<\/li>\n<li>Telefon\u00c5\u00b3, fakso Nr. 860132778<\/li>\n<li>Elektroninis pa\u00c5?tas nikiolia@gmail.com<\/li>\n<\/ul>\n","protected":false},"excerpt":{"rendered":"<p><!--test--><\/p>\n","protected":false},"author":1,"featured_media":0,"parent":0,"menu_order":0,"comment_status":"open","ping_status":"open","template":"","meta":{"footnotes":""},"class_list":["post-305","page","type-page","status-publish","hentry"],"_links":{"self":[{"href":"http:\/\/www.lvdca.lt\/index.php?rest_route=\/wp\/v2\/pages\/305","targetHints":{"allow":["GET"]}}],"collection":[{"href":"http:\/\/www.lvdca.lt\/index.php?rest_route=\/wp\/v2\/pages"}],"about":[{"href":"http:\/\/www.lvdca.lt\/index.php?rest_route=\/wp\/v2\/types\/page"}],"author":[{"embeddable":true,"href":"http:\/\/www.lvdca.lt\/index.php?rest_route=\/wp\/v2\/users\/1"}],"replies":[{"embeddable":true,"href":"http:\/\/www.lvdca.lt\/index.php?rest_route=%2Fwp%2Fv2%2Fcomments&post=305"}],"version-history":[{"count":7,"href":"http:\/\/www.lvdca.lt\/index.php?rest_route=\/wp\/v2\/pages\/305\/revisions"}],"predecessor-version":[{"id":480,"href":"http:\/\/www.lvdca.lt\/index.php?rest_route=\/wp\/v2\/pages\/305\/revisions\/480"}],"wp:attachment":[{"href":"http:\/\/www.lvdca.lt\/index.php?rest_route=%2Fwp%2Fv2%2Fmedia&parent=305"}],"curies":[{"name":"wp","href":"https:\/\/api.w.org\/{rel}","templated":true}]}}