{"id":307,"date":"2012-01-09T20:14:22","date_gmt":"2012-01-09T20:14:22","guid":{"rendered":"http:\/\/lvdca.lt\/new\/?page_id=307"},"modified":"2012-01-16T11:00:20","modified_gmt":"2012-01-16T11:00:20","slug":"klaipedos-apskritis","status":"publish","type":"page","link":"http:\/\/www.lvdca.lt\/?page_id=307","title":{"rendered":"Klaip\u00c4\u2014dos apskritis"},"content":{"rendered":"<p>\u00c4\u00aemon\u00c4\u2014s pavadinimas <strong>Labdaros ir paramos fondo Garg\u00c5\u00bed\u00c5\u00b3 vaik\u00c5\u00b3 globos agent\u00c5\u00abra<\/strong><\/p>\n<ul>\n<li>\u00c4\u00aemon\u00c4\u2014s kodas 163750557<\/li>\n<li>Buvein\u00c4\u2014s adresas, miestas J\u00c5\u00abrat\u00c4\u2014s 1, Garg\u00c5\u00bedai<\/li>\n<li>VDC pavadinimas Vaik\u00c5\u00b3 dienos centras \u0101\u20ac\u02dbPastog\u00c4\u2014<\/li>\n<li>Telefon\u00c5\u00b3, fakso Nr. 8-678-61561<\/li>\n<li>Elektroninis pa\u00c5?tas liucijasir@gmail.com<\/li>\n<\/ul>\n<p>\u00c4\u00aemon\u00c4\u2014s pavadinimas <strong>Labdaros ir paramos fondas \u0101\u20ac\u02dbDienvidis\u0101\u20ac?<\/strong><\/p>\n<ul>\n<li>\u00c4\u00aemon\u00c4\u2014s kodas 300631940<\/li>\n<li>Buvein\u00c4\u2014s adresas, miestas \u00c5\u00bdilvi\u00c4\u00a8i\u00c5\u00b3 g. , 22 Klaip\u00c4\u2014da<\/li>\n<li>Telefon\u00c5\u00b3, fakso Nr. +37046385906<\/li>\n<li>Elektroninis pa\u00c5?tas ana.stirbiene@dienvidis.lt<\/li>\n<\/ul>\n<p>\u00c4\u00aemon\u00c4\u2014s pavadinimas <strong>V\u00c5?\u00c4\u00ae \u0101\u20ac?Vaivoryk\u00c5?t\u00c4\u2014s tako\u0101\u20ac\u00af pagrindin\u00c4\u2014 mokykla<\/strong><\/p>\n<ul>\n<li>\u00c4\u00aemon\u00c4\u2014s kodas 195170434<\/li>\n<li>Buvein\u00c4\u2014s adresas, miestas Sportinink\u00c5\u00b3 g. 11, Klaip\u00c4\u2014da<\/li>\n<li>Telefon\u00c5\u00b3, fakso Nr. (8 46) 340415<\/li>\n<li>Elektroninis pa\u00c5?tas vaivorykste@takas.lt<\/li>\n<\/ul>\n<p>\u00c4\u00aemon\u00c4\u2014s pavadinimas <strong>Agent\u00c5\u00abros Visos Lietuvos vaikai Klaip\u00c4\u2014dos fondas<\/strong><\/p>\n<ul>\n<li>\u00c4\u00aemon\u00c4\u2014s kodas 142060357<\/li>\n<li>Buvein\u00c4\u2014s adresas, miestas Vaivos 23, Klaip\u00c4\u2014da<\/li>\n<li>Telefon\u00c5\u00b3, fakso Nr. tel (8-46) 128212, faksas (8-46) 128212<\/li>\n<li>Elektroninis pa\u00c5?tas sos_klaipeda@email.lt<\/li>\n<\/ul>\n<p>\u00c4\u00aemon\u00c4\u2014s pavadinimas <strong>Dvasin\u00c4\u2014s pagalbos jaunimui centras<\/strong><\/p>\n<ul>\n<li>\u00c4\u00aemon\u00c4\u2014s kodas 293115080<\/li>\n<li>Buvein\u00c4\u2014s adresas, miestas Smiltel\u00c4\u2014s g. 27, Klaip\u00c4\u2014da<\/li>\n<li>Telefon\u00c5\u00b3, fakso Nr. tel (8-46) 360411, (8-46) 360018, faksas (8-46) 360412<\/li>\n<li>Elektroninis pa\u00c5?tas fondasdpjc@gmail.com , virginijakvasaite@yahoo.com<\/li>\n<\/ul>\n<p>\u00c4\u00aemon\u00c4\u2014s pavadinimas <strong>PRIEKUL\u00c4\u2013S SOCIALINI\u00c5\u00b2 PASLAUG\u00c5\u00b2 CENTRAS<\/strong><\/p>\n<ul>\n<li>\u00c4\u00aemon\u00c4\u2014s kodas 163748339<\/li>\n<li>Buvein\u00c4\u2014s adresas, miestas Naujoji g. 5A, Priekul\u00c4\u2014, Klaip\u00c4\u2014dos r.<\/li>\n<li>Telefon\u00c5\u00b3, fakso Nr. 8-46454011, 8-667355885<\/li>\n<li>Elektroninis pa\u00c5?tas priekulesspc@takas.lt<\/li>\n<\/ul>\n<p>\u00c4\u00aemon\u00c4\u2014s pavadinimas <strong>Vie\u00c5?oji \u00c4\u00c6staiga \u00c5\u00a0v.Antano dienos centras<\/strong><\/p>\n<ul>\n<li>\u00c4\u00aemon\u00c4\u2014s kodas 164249830<\/li>\n<li>Buvein\u00c4\u2014s adresas, miestas Vilniaus g.3, Kretinga LT-97129<\/li>\n<li>Telefon\u00c5\u00b3, fakso Nr. 8-445-58782<\/li>\n<li>Elektroninis pa\u00c5?tas sv.antanodc@gmail.com<\/li>\n<\/ul>\n<p>\u00c4\u00aemon\u00c4\u2014s pavadinimas <strong>Skuodo socialini\u00c5\u00b3 paslaug\u00c5\u00b3 \u00c5?eimai centras<\/strong><\/p>\n<ul>\n<li>\u00c4\u00aemon\u00c4\u2014s kodas 300620342<\/li>\n<li>Buvein\u00c4\u2014s adresas, miestas Birut\u00c4\u2014s g. 20, Skuodas<\/li>\n<li>Telefon\u00c5\u00b3, fakso Nr. (8-440) 52262, mob (8-686) 95278<\/li>\n<li>Elektroninis pa\u00c5?tas svdcentras@gmail.com<\/li>\n<\/ul>\n","protected":false},"excerpt":{"rendered":"<p><!--test--><\/p>\n","protected":false},"author":1,"featured_media":0,"parent":0,"menu_order":0,"comment_status":"open","ping_status":"open","template":"","meta":{"footnotes":""},"class_list":["post-307","page","type-page","status-publish","hentry"],"_links":{"self":[{"href":"http:\/\/www.lvdca.lt\/index.php?rest_route=\/wp\/v2\/pages\/307","targetHints":{"allow":["GET"]}}],"collection":[{"href":"http:\/\/www.lvdca.lt\/index.php?rest_route=\/wp\/v2\/pages"}],"about":[{"href":"http:\/\/www.lvdca.lt\/index.php?rest_route=\/wp\/v2\/types\/page"}],"author":[{"embeddable":true,"href":"http:\/\/www.lvdca.lt\/index.php?rest_route=\/wp\/v2\/users\/1"}],"replies":[{"embeddable":true,"href":"http:\/\/www.lvdca.lt\/index.php?rest_route=%2Fwp%2Fv2%2Fcomments&post=307"}],"version-history":[{"count":7,"href":"http:\/\/www.lvdca.lt\/index.php?rest_route=\/wp\/v2\/pages\/307\/revisions"}],"predecessor-version":[{"id":483,"href":"http:\/\/www.lvdca.lt\/index.php?rest_route=\/wp\/v2\/pages\/307\/revisions\/483"}],"wp:attachment":[{"href":"http:\/\/www.lvdca.lt\/index.php?rest_route=%2Fwp%2Fv2%2Fmedia&parent=307"}],"curies":[{"name":"wp","href":"https:\/\/api.w.org\/{rel}","templated":true}]}}