{"id":310,"date":"2012-01-09T20:15:31","date_gmt":"2012-01-09T20:15:31","guid":{"rendered":"http:\/\/lvdca.lt\/new\/?page_id=310"},"modified":"2012-01-16T11:00:49","modified_gmt":"2012-01-16T11:00:49","slug":"marijampoles-apsritis","status":"publish","type":"page","link":"http:\/\/www.lvdca.lt\/?page_id=310","title":{"rendered":"Marijampol\u00c4\u2014s apsritis"},"content":{"rendered":"<p>\u00c4\u00aemon\u00c4\u2014s pavadinimas <strong>Vie\u00c5?oji \u00c4\u00c6staiga Kazl\u00c5\u00b3 R\u00c5\u00abdos socialin\u00c4\u2014s paramos centras<\/strong><\/p>\n<ul>\n<li>\u00c4\u00aemon\u00c4\u2014s kodas 266104560<\/li>\n<li>Buvein\u00c4\u2014s adresas, miestas Maironio g. 12, Kazl\u00c5\u00b3 R\u00c5\u00abda, LT 69441<\/li>\n<li>Telefon\u00c5\u00b3, fakso Nr. Tel. (8 699) 57680; faksas (8 343) 25425<\/li>\n<li>Elektroninis pa\u00c5?tas r.andriusiene@gmail.com<\/li>\n<\/ul>\n<p>\u00c4\u00aemon\u00c4\u2014s pavadinimas <strong>V\u00c5?\u00c4\u00ae Kazl\u00c5\u00b3 R\u00c5\u00abdos savivaldyb\u00c4\u2014s vaik\u00c5\u00b3 dienos centras<\/strong><\/p>\n<ul>\n<li>\u00c4\u00aemon\u00c4\u2014s kodas 301492575<\/li>\n<li>Buvein\u00c4\u2014s adresas, miestas Maironiog.28a Kazl\u00c5\u00b3 R\u00c5\u00abda<\/li>\n<li>Telefon\u00c5\u00b3, fakso Nr. 861693301,f-834395280<\/li>\n<li>Elektroninis pa\u00c5?tas onabirute@takas.lt<\/li>\n<\/ul>\n<p>\u00c4\u00aemon\u00c4\u2014s pavadinimas <strong>Antanavo bendruomen\u00c4\u2014<\/strong><\/p>\n<ul>\n<li>\u00c4\u00aemon\u00c4\u2014s kodas 166097677<\/li>\n<li>Buvein\u00c4\u2014s adresas, miestas Bagotosios g. 4-4, Antanavas, Kazl\u00c5\u00b3 R\u00c5\u00abdos sav.<\/li>\n<li>Telefon\u00c5\u00b3, fakso Nr. 861121453<\/li>\n<li>Elektroninis pa\u00c5?tas redaknei@gmail.com<\/li>\n<\/ul>\n<p>\u00c4\u00aemon\u00c4\u2014s pavadinimas <strong>Marijampol\u00c4\u2014s \u00c5\u00a0v. Ark. Mykolo parapijos Caritas<\/strong><\/p>\n<ul>\n<li>\u00c4\u00aemon\u00c4\u2014s kodas 192082491<\/li>\n<li>Buvein\u00c4\u2014s adresas, miestas J. Bendoriaus g. 2, Marijampol\u00c4\u2014<\/li>\n<li>Telefon\u00c5\u00b3, fakso Nr. 8-343 52979<\/li>\n<li>Elektroninis pa\u00c5?tas kaktusiukai@one.lt<\/li>\n<\/ul>\n<p>\u00c4\u00aemon\u00c4\u2014s pavadinimas <strong>\u0101\u20ac\u00afGelb\u00c4\u2014kit vaikus\u0101\u20ac\u00af \u00c5\u00a0aki\u00c5\u00b3 vaik\u00c5\u00b3 dienos centras<\/strong><\/p>\n<ul>\n<li>\u00c4\u00aemon\u00c4\u2014s kodas 174443997<\/li>\n<li>Buvein\u00c4\u2014s adresas, miestas Lygum\u00c5\u00b3 g. 37, \u00c5\u00a0akiai, LT-71118<\/li>\n<li>Telefon\u00c5\u00b3, fakso Nr. 867623728<\/li>\n<li>Elektroninis pa\u00c5?tas vaikaisakiai@yahoo.com<\/li>\n<\/ul>\n<p>\u00c4\u00aemon\u00c4\u2014s pavadinimas <strong>Labdaros fondas Lek\u00c4\u2014\u00c4\u00a8i\u00c5\u00b3 bendruomen\u00c4\u2014s centras vaik\u00c5\u00b3 dienos centras<\/strong><\/p>\n<ul>\n<li>\u00c4\u00aemon\u00c4\u2014s kodas 174436465<\/li>\n<li>Buvein\u00c4\u2014s adresas, miestas Kauno g.-15c,Lek\u00c4\u2014\u00c4\u00a8iai, \u00c5\u00a0aki\u00c5\u00b3 raj<\/li>\n<li>Telefon\u00c5\u00b3, fakso Nr. 8-625 50784, faks.8-345 60601<\/li>\n<li>Elektroninis pa\u00c5?tas janciuviene@gmail.com<\/li>\n<\/ul>\n<p>\u00c4\u00aemon\u00c4\u2014s pavadinimas <strong>LUK\u00c5\u00a0I\u00c5\u00b2 VINCO GRYBO VIDURIN\u00c4\u2013 MOKYKLA<\/strong><\/p>\n<ul>\n<li>\u00c4\u00aemon\u00c4\u2014s kodas 190821478<\/li>\n<li>Buvein\u00c4\u2014s adresas, miestas A.Tatar\u00c4\u2014s 37, Luk\u00c5?iai, \u00c5\u00a0aki\u00c5\u00b3 rajonas<\/li>\n<li>Telefon\u00c5\u00b3, fakso Nr. 834544285, faks. 834544285<\/li>\n<li>Elektroninis pa\u00c5?tas luksiumokykla@yahoo.com<\/li>\n<\/ul>\n<p>\u00c4\u00aemon\u00c4\u2014s pavadinimas <strong>Alvito \u00c5?v. Onos parapija<\/strong><\/p>\n<ul>\n<li>\u00c4\u00aemon\u00c4\u2014s kodas 191297726<\/li>\n<li>Buvein\u00c4\u2014s adresas, miestas \u00c5\u00a0irvintos g. 18, Alvitas, Vilkavi\u00c5?kio rajonas<\/li>\n<li>VDC pavadinimas \u0101\u20ac\u02dbVaivoryk\u00c5?t\u00c4\u2014\u0101\u20ac?<\/li>\n<li>VDC adresas E\u00c5\u00beero g. 18, Alvitas, Vilkavi\u00c5?kio rajonas<\/li>\n<li>Telefon\u00c5\u00b3, fakso Nr. 8-674-27524<\/li>\n<li>Elektroninis pa\u00c5?tas rolandas.rolasb@gmail.com<\/li>\n<\/ul>\n<p>\u00c4\u00aemon\u00c4\u2014s pavadinimas <strong>Vilkavi\u00c5?kio socialin\u00c4\u2014s pagalbos centras<\/strong><\/p>\n<ul>\n<li>\u00c4\u00aemon\u00c4\u2014s kodas 185609071<\/li>\n<li>Buvein\u00c4\u2014s adresas, miestas Vysk. A. Karoso 5 Vilkavi\u00c5?kis<\/li>\n<li>VDC pavadinimas Savaranki\u00c5?ko kelio link<\/li>\n<li>VDC adresas Mokyklos 5 Pilvi\u00c5?kiai, Vilkavi\u00c5?kio rajonas<\/li>\n<li>Telefon\u00c5\u00b3, fakso Nr. 8-342 52024<\/li>\n<li>Elektroninis pa\u00c5?tas Soc.pagalba@gmail.com<\/li>\n<\/ul>\n<p>\u00c4\u00aemon\u00c4\u2014s pavadinimas <strong>Vilkavi\u00c5?kio socialin\u00c4\u2014s pagalbos centras<\/strong><\/p>\n<ul>\n<li>\u00c4\u00aemon\u00c4\u2014s kodas 185609071<\/li>\n<li>Buvein\u00c4\u2014s adresas, miestas Vysk. A. Karoso 5 Vilkavi\u00c5?kis 70141 LT<\/li>\n<li>Telefon\u00c5\u00b3, fakso Nr. 8-342 52024<\/li>\n<li>Elektroninis pa\u00c5?tas Soc.pagalba@gmail.com<\/li>\n<li>\u00c4\u00aemon\u00c4\u2014s pavadinimas V\u00c5?\u00c4\u00ae Sasnavos vaiko dienos centras<\/li>\n<li>\u00c4\u00aemon\u00c4\u2014s kodas 301513546<\/li>\n<li>Buvein\u00c4\u2014s adresas, miestas \u00c5\u00bdaliosios g.2, Sasnavos mstl. LT-69479 Marijampol\u00c4\u2014s sav.<\/li>\n<li>VDC pavadinimas Sanavos vaiko dienos centras \u0101\u20ac\u02dbSaulut\u00c4\u2014\u0101\u20ac?<\/li>\n<li>Telefon\u00c5\u00b3, fakso Nr. 8 343 28635, 8 610 00286<\/li>\n<li>Elektroninis pa\u00c5?tas fondas@one.lt , esenkuvkiene@gmail.com<\/li>\n<\/ul>\n","protected":false},"excerpt":{"rendered":"<p>\u00c4\u00aemon\u00c4\u2014s pavadinimas Vie\u00c5?oji \u00c4\u00c6staiga Kazl\u00c5\u00b3 R\u00c5\u00abdos socialin\u00c4\u2014s paramos centras \u00c4\u00aemon\u00c4\u2014s kodas 266104560 Buvein\u00c4\u2014s adresas, miestas Maironio g. 12, Kazl\u00c5\u00b3 R\u00c5\u00abda, LT 69441 Telefon\u00c5\u00b3, fakso Nr. Tel. (8 699) 57680; faksas (8 343) 25425 Elektroninis pa\u00c5?tas r.andriusiene@gmail.com \u00c4\u00aemon\u00c4\u2014s pavadinimas V\u00c5?\u00c4\u00ae Kazl\u00c5\u00b3 R\u00c5\u00abdos savivaldyb\u00c4\u2014s vaik\u00c5\u00b3 dienos centras \u00c4\u00aemon\u00c4\u2014s kodas 301492575 Buvein\u00c4\u2014s adresas, miestas Maironiog.28a Kazl\u00c5\u00b3 R\u00c5\u00abda Telefon\u00c5\u00b3, [&hellip;]<\/p>\n","protected":false},"author":1,"featured_media":0,"parent":0,"menu_order":0,"comment_status":"open","ping_status":"closed","template":"","meta":{"footnotes":""},"class_list":["post-310","page","type-page","status-publish","hentry"],"_links":{"self":[{"href":"http:\/\/www.lvdca.lt\/index.php?rest_route=\/wp\/v2\/pages\/310","targetHints":{"allow":["GET"]}}],"collection":[{"href":"http:\/\/www.lvdca.lt\/index.php?rest_route=\/wp\/v2\/pages"}],"about":[{"href":"http:\/\/www.lvdca.lt\/index.php?rest_route=\/wp\/v2\/types\/page"}],"author":[{"embeddable":true,"href":"http:\/\/www.lvdca.lt\/index.php?rest_route=\/wp\/v2\/users\/1"}],"replies":[{"embeddable":true,"href":"http:\/\/www.lvdca.lt\/index.php?rest_route=%2Fwp%2Fv2%2Fcomments&post=310"}],"version-history":[{"count":6,"href":"http:\/\/www.lvdca.lt\/index.php?rest_route=\/wp\/v2\/pages\/310\/revisions"}],"predecessor-version":[{"id":486,"href":"http:\/\/www.lvdca.lt\/index.php?rest_route=\/wp\/v2\/pages\/310\/revisions\/486"}],"wp:attachment":[{"href":"http:\/\/www.lvdca.lt\/index.php?rest_route=%2Fwp%2Fv2%2Fmedia&parent=310"}],"curies":[{"name":"wp","href":"https:\/\/api.w.org\/{rel}","templated":true}]}}