{"id":323,"date":"2012-01-09T20:19:41","date_gmt":"2012-01-09T20:19:41","guid":{"rendered":"http:\/\/lvdca.lt\/new\/?page_id=323"},"modified":"2012-01-16T11:03:47","modified_gmt":"2012-01-16T11:03:47","slug":"vilniaus-apskritis","status":"publish","type":"page","link":"http:\/\/www.lvdca.lt\/?page_id=323","title":{"rendered":"Vilniaus apskritis"},"content":{"rendered":"<p>\u00c4\u00aemon\u00c4\u2014s pavadinimas <strong>Elektr\u00c4\u2014n\u00c5\u00b3 socialini\u00c5\u00b3 paslaug\u00c5\u00b3 centras<\/strong><\/p>\n<ul>\n<li>\u00c4\u00aemon\u00c4\u2014s kodas 181631711<\/li>\n<li>Buvein\u00c4\u2014s adresas, miestas Taikos g. 6B, Elektr\u00c4\u2014nai<\/li>\n<li>Telefon\u00c5\u00b3, fakso Nr. tel.\/faks. (8 528) 39 690, (8 528) 27 322<\/li>\n<li>Elektroninis pa\u00c5?tas dalia.kutyreviene@is.lt, vieviobpt@elektrenai.net<\/li>\n<\/ul>\n<p>\u00c4\u00aemon\u00c4\u2014s pavadinimas<strong> V\u00c5?\u00c4\u00ae Elektr\u00c4\u2014n\u00c5\u00b3 vaik\u00c5\u00b3 dienos centras<\/strong><\/p>\n<ul>\n<li>\u00c4\u00aemon\u00c4\u2014s kodas 181394931<\/li>\n<li>Buvein\u00c4\u2014s adresas, miestas Draugyst\u00c4\u2014s g. 3, Elektr\u00c4\u2014nai<\/li>\n<li>Telefon\u00c5\u00b3, fakso Nr. Tel.\/faks. 8 258 39706<\/li>\n<li>Elektroninis pa\u00c5?tas info@vdc.lt<\/li>\n<\/ul>\n<p>\u00c4\u00aemon\u00c4\u2014s pavadinimas <strong>Vie\u00c5?oji \u00c4\u00c6staiga ,,Grijos vaikai\u0101\u20ac?-Grigi\u00c5?ki\u00c5\u00b3 vaik\u00c5\u00b3 dienos centras<\/strong><\/p>\n<ul>\n<li>\u00c4\u00aemon\u00c4\u2014s kodas 300617008<\/li>\n<li>Buvein\u00c4\u2014s adresas, miestas Kovo 11-osios g. 28, Grigi\u00c5?k\u00c4\u2014s, Vilnius.<\/li>\n<li>Telefon\u00c5\u00b3, fakso Nr. 8-65097154; 852433665.<\/li>\n<li>Elektroninis pa\u00c5?tas lena.iluk@mail.ru, info@grigiskiuvdc.lt<\/li>\n<\/ul>\n<p>\u00c4\u00aemon\u00c4\u2014s pavadinimas <strong>Vilniaus arkivyskupijos Caritas Lentvario parapijos vaik\u00c5\u00b3 dienos centras \u0101\u20ac\u02dbAkimirka\u0101\u20ac?<\/strong><\/p>\n<ul>\n<li>\u00c4\u00aemon\u00c4\u2014s kodas 191677454<\/li>\n<li>Buvein\u00c4\u2014s adresas, miestas Ba\u00c5\u00beny\u00c4\u00a8ios g. 18, Lentvaris<\/li>\n<li>Telefon\u00c5\u00b3, fakso Nr. 8 699 68420<\/li>\n<li>Elektroninis pa\u00c5?tas caritas@inamai.lt<\/li>\n<\/ul>\n<p>\u00c4\u00aemon\u00c4\u2014s pavadinimas <strong>V\u00c5?\u00c4\u00ae \u00c5\u00a0irvint\u00c5\u00b3 vaik\u00c5\u00b3 dienos centras<\/strong><\/p>\n<ul>\n<li>\u00c4\u00aemon\u00c4\u2014s kodas 300155231<\/li>\n<li>Buvein\u00c4\u2014s adresas, miestas Kalnalaukio g. 9, \u00c5\u00a0irvintos<\/li>\n<li>Telefon\u00c5\u00b3, fakso Nr. Mob. tel. 8686 91547<\/li>\n<li>Elektroninis pa\u00c5?tas elenapetkuniene@gmail.com<\/li>\n<\/ul>\n<p>\u00c4\u00aemon\u00c4\u2014s pavadinimas <strong>Visuomenin\u00c4\u2014 organizacija \u0101\u20ac\u02dbVaikai-visuomen\u00c4\u2014s dalis\u0101\u20ac?<\/strong><\/p>\n<ul>\n<li>\u00c4\u00aemon\u00c4\u2014s kodas 186486052<\/li>\n<li>Buvein\u00c4\u2014s adresas, miestas Au\u00c5?ros Vart\u00c5\u00b3 16\/1, Vilnius LT-02100<\/li>\n<li>VDC pavadinimas Bartku\u00c5?kio vaik\u00c5\u00b3 dienos centras_<\/li>\n<li>VDC adresas Bartku\u00c5?kio kaimas \u00c5\u00a0irvint\u00c5\u00b3 r.<\/li>\n<li>Telefon\u00c5\u00b3, fakso Nr. Tel._(8-5) 2624377, faks.(8-5)2312633, mob. tel. +370 68752805<\/li>\n<li>Elektroninis pa\u00c5?tas Tatjana@vvd.lt , tatjanavaikai@one.lt<\/li>\n<\/ul>\n<p>\u00c4\u00aemon\u00c4\u2014s pavadinimas <strong>Vileiki\u00c5?ki\u00c5\u00b3 kaimo bendruomen\u00c4\u2014<\/strong><\/p>\n<ul>\n<li>\u00c4\u00aemon\u00c4\u2014s kodas 178317063<\/li>\n<li>Buvein\u00c4\u2014s adresas, miestas Vileiki\u00c5?ki\u00c5\u00b3 k., Musnink\u00c5\u00b3 sen., \u00c5\u00a0irvint\u00c5\u00b3 raj<\/li>\n<li>Telefon\u00c5\u00b3, fakso Nr. 8 677 25850<\/li>\n<li>Elektroninis pa\u00c5?tas vileikiskiai@gmail.com<\/li>\n<\/ul>\n<p>\u00c4\u00aemon\u00c4\u2014s pavadinimas <strong>\u00c5\u00a0ven\u00c4\u00a8ioni\u00c5\u00b3 rajono Socialini\u00c5\u00b3 paslaug\u00c5\u00b3 centras<\/strong><\/p>\n<ul>\n<li>\u00c4\u00aemon\u00c4\u2014s kodas 191826617<\/li>\n<li>Buvein\u00c4\u2014s adresas, miestas Stoties g. 16\/2, LT-18123, \u00c5\u00a0ven\u00c4\u00a8ionys<\/li>\n<li>Telefon\u00c5\u00b3, fakso Nr. 8~387 51 744 mob. 8 686 66031<\/li>\n<li>Elektroninis pa\u00c5?tas svencioniuspc@zebra.lt<\/li>\n<\/ul>\n<p>\u00c4\u00aemon\u00c4\u2014s pavadinimas <strong>\u0101\u20ac\u02dbGelb\u00c4\u2014kit vaikus\u0101\u20ac? Ukmerg\u00c4\u2014s vaik\u00c5\u00b3 dienos centras<\/strong><\/p>\n<ul>\n<li>\u00c4\u00aemon\u00c4\u2014s kodas 183120313<\/li>\n<li>Buvein\u00c4\u2014s adresas, miestas Mi\u00c5?k\u00c5\u00b3 g. 29, Ukmerg\u00c4\u2014<\/li>\n<li>Telefon\u00c5\u00b3, fakso Nr. 867062212<\/li>\n<li>Elektroninis pa\u00c5?tas daiva07@gmail.com<\/li>\n<\/ul>\n<p>\u00c4\u00aemon\u00c4\u2014s pavadinimas <strong>Elektr\u00c4\u2014n\u00c5\u00b3 socialin\u00c4\u2014s reabilitacijos centras<\/strong><\/p>\n<ul>\n<li>\u00c4\u00aemon\u00c4\u2014s kodas 301732180<\/li>\n<li>Buvein\u00c4\u2014s adresas, miestas Pakalni\u00c5?ki\u00c5\u00b3 k., Vievio sen., Elektr\u00c4\u2014n\u00c5\u00b3 sav.<\/li>\n<li>Telefon\u00c5\u00b3, fakso Nr. (8 528) 77421; 77473<\/li>\n<li>Elektroninis pa\u00c5?tas esrcentras@gmail.com<\/li>\n<li>\u00c4\u00aemon\u00c4\u2014s pavadinimas Vie\u00c5?oji \u00c4\u00c6staiga \u0101\u20ac\u02dbMet\u00c5\u00b3 laikai\u0101\u20ac?<\/li>\n<li>\u00c4\u00aemon\u00c4\u2014s kodas 300913594<\/li>\n<li>Buvein\u00c4\u2014s adresas, miestas Vilniaus rajonas, Bendoriai, Senasis Ukmerg\u00c4\u2014s plentas 115<\/li>\n<li>Telefon\u00c5\u00b3, fakso Nr. tel. 85-2513284, faksas 85-2513290<\/li>\n<li>Elektroninis pa\u00c5?tas metulaikai@zebra.lt<\/li>\n<\/ul>\n<p>\u00c4\u00aemon\u00c4\u2014s pavadinimas <strong>V\u00c5?\u00c4\u00ae \u0101\u20ac\u02dbVaik\u00c5\u00b3 ir paaugli\u00c5\u00b3 socialinis centras\u0101\u20ac?<\/strong><\/p>\n<ul>\n<li>\u00c4\u00aemon\u00c4\u2014s kodas 300594171<\/li>\n<li>Buvein\u00c4\u2014s adresas, miestas \u00c5\u00a0ven\u00c4\u00a8ioni\u00c5\u00b3 18a, Nemen\u00c4\u00a8in\u00c4\u2014, Vilniaus raj.<\/li>\n<li>Telefon\u00c5\u00b3, fakso Nr. Tel.:85-2372699, 85-2372548, fax. 85-2372699<\/li>\n<li>Elektroninis pa\u00c5?tas almadidziokiene@gmail.com<\/li>\n<\/ul>\n<p>\u00c4\u00aemon\u00c4\u2014s pavadinimas <strong>Visuomenin\u00c4\u2014 organizacija \u0101\u20ac\u02dbVaikai-visuomen\u00c4\u2014s dalis\u0101\u20ac?<\/strong><\/p>\n<ul>\n<li>\u00c4\u00aemon\u00c4\u2014s kodas 186486052<\/li>\n<li>Buvein\u00c4\u2014s adresas, miestas Au\u00c5?ros Vart\u00c5\u00b3 16\/1, Vilnius LT-02100<\/li>\n<li>VDC pavadinimas \u0101\u20ac\u02dbAteik ir dalyvauk\u0101\u20ac?<\/li>\n<li>VDC adresas Au\u00c5?ros Vart\u00c5\u00b3 16\/1, Vilnius ,<\/li>\n<li>Telefon\u00c5\u00b3, fakso Nr. Tel._(8-5) 2624377, faks.(8-5)2312633, mob. tel. +370 68752805<\/li>\n<li>Elektroninis pa\u00c5?tas Tatjana@vvd.lt , tatjanavaikai@one.lt<\/li>\n<\/ul>\n<p>\u00c4\u00aemon\u00c4\u2014s pavadinimas <strong>Vie\u00c5?oji \u00c4\u00c6staiga Rom\u00c5\u00b3 visuomen\u00c4\u2014s centras<\/strong><\/p>\n<ul>\n<li>\u00c4\u00aemon\u00c4\u2014s kodas 125607735<\/li>\n<li>Buvein\u00c4\u2014s adresas, miestas Metalo g. 23a, Vilnius<\/li>\n<li>Telefon\u00c5\u00b3, fakso Nr. (8 5) 210 41 34<\/li>\n<li>Elektroninis pa\u00c5?tas sn713@hotmail.com<\/li>\n<\/ul>\n<p>\u00c4\u00aemon\u00c4\u2014s pavadinimas <strong>Vie\u00c5?oji \u00c4\u00c6staiga \u0101\u20ac\u02dbVis\u00c5\u00b3 \u00c5\u00a0vent\u00c5\u00b3j\u00c5\u00b3 \u00c5?eimos paramos centras\u0101\u20ac?<\/strong><\/p>\n<ul>\n<li>\u00c4\u00aemon\u00c4\u2014s kodas 300008982<\/li>\n<li>Buvein\u00c4\u2014s adresas, miestas Vis\u00c5\u00b3 \u00c5\u00a0vent\u00c5\u00b3j\u00c5\u00b3 g. 5, Vilnius LT01129<\/li>\n<li>Telefon\u00c5\u00b3, fakso Nr. (8~5) 212-19-21 (Tel.\/faks.)<\/li>\n<li>Elektroninis pa\u00c5?tas seimos.centras@gmail.com<\/li>\n<\/ul>\n<p>\u00c4\u00aemon\u00c4\u2014s pavadinimas <strong>V\u00c5?.\u00c4\u00ae.Nevalstybinis Vaik\u00c5\u00b3 dar\u00c5\u00beelis \u0101\u20ac\u02dbNendr\u00c4\u2014\u0101\u20ac?<\/strong><\/p>\n<ul>\n<li>\u00c4\u00aemon\u00c4\u2014s kodas 195004964<\/li>\n<li>Buvein\u00c4\u2014s adresas, miestas Giedrai\u00c4\u00a8i\u00c5\u00b3 16A-6, LT-09301, Vilnius<\/li>\n<li>VDC pavadinimas Vaik\u00c5\u00b3 dienos centras \u0101\u20ac\u02dbNendr\u00c4\u2014\u0101\u20ac?<\/li>\n<li>Telefon\u00c5\u00b3, fakso Nr. Tel\/faks 8(5) 2752 282<\/li>\n<li>Elektroninis pa\u00c5?tas nendre@post.5ci.lt<\/li>\n<\/ul>\n<p>\u00c4\u00aemon\u00c4\u2014s pavadinimas <strong>Vilniaus m. \u00c5\u00a0e\u00c5?kin\u00c4\u2014s bendruomen\u00c4\u2014s savivaldija<\/strong><\/p>\n<ul>\n<li>\u00c4\u00aemon\u00c4\u2014s kodas 226164770<\/li>\n<li>Buvein\u00c4\u2014s adresas, miestas \u00c5\u00a0e\u00c5?kin\u00c4\u2014s 30, LT-07157 Vilnius<\/li>\n<li>VDC pavadinimas Vaik\u00c5\u00b3 dienos centras \u0101\u20ac\u02dbOAZ\u00c4\u2013<\/li>\n<li>Telefon\u00c5\u00b3, fakso Nr. 85265841_ faksas 85265846<\/li>\n<li>Elektroninis pa\u00c5?tas pa\u00c5?tasjuranba@takas.lt<\/li>\n<\/ul>\n<p>\u00c4\u00aemon\u00c4\u2014s pavadinimas <strong>Visuomenin\u00c4\u2014 organizacija Vaik\u00c5\u00b3 ir jaunimo dienos centras<\/strong><\/p>\n<ul>\n<li>\u0101\u20ac\u02dbM\u00c5\u00abs\u00c5\u00b3 nameliai\u0101\u20ac?VVVaiVV<\/li>\n<li>\u00c4\u00aemon\u00c4\u2014s kodas 300012233<\/li>\n<li>Buvein\u00c4\u2014s adresas, miestas Pergal\u00c4\u2014s g. -8 Vilnius, LT-11210<\/li>\n<li>VDC adresas (jei skiriasi) Gerov\u00c4\u2014s 9-46 Vilnius, LT-11210<\/li>\n<li>Telefon\u00c5\u00b3, fakso Nr. tel.\/faksas: 8 5 267 0693<\/li>\n<li>Elektroninis pa\u00c5?tas info@musunameliai.lt r.venskuniene@vcb.lt<\/li>\n<\/ul>\n<p>\u00c4\u00aemon\u00c4\u2014s pavadinimas <strong>V\u00c5?\u00c4\u00ae \u0101\u20ac\u02dbVaik\u00c5\u00b3 ir paaugli\u00c5\u00b3 socialinis centras\u0101\u20ac?<\/strong><\/p>\n<ul>\n<li>\u00c4\u00aemon\u00c4\u2014s kodas 300594171<\/li>\n<li>Buvein\u00c4\u2014s adresas, miestas \u00c5\u00a0ven\u00c4\u00a8ioni\u00c5\u00b3 g. 18 a, Nemen\u00c4\u00a8in\u00c4\u2014, Vilniaus rajonas<\/li>\n<li>VDC pavadinimas Vaik\u00c5\u00b3 dienos centras \u0101\u20ac\u02dbSvajon\u00c4\u2014\u0101\u20ac?<\/li>\n<li>Telefon\u00c5\u00b3, fakso Nr. Tel. (8 5) 2372548; Faks. (8 5) 2372699<\/li>\n<li>Elektroninis pa\u00c5?tas info@vpscentras.lt; jurga.pukiene@gmail.com<\/li>\n<\/ul>\n<p>\u00c4\u00aemon\u00c4\u2014s pavadinimas <strong>Vilniaus labdaros fondas \u0101\u20ac\u02dbVaikai ir pasaulis\u0101\u20ac?, VDC \u0101\u20ac\u02dbVaivoryk\u00c5?t\u00c4\u2014\u0101\u20ac?<\/strong><\/p>\n<ul>\n<li>\u00c4\u00aemon\u00c4\u2014s kodas 293534420<\/li>\n<li>Buvein\u00c4\u2014s adresas, miestas Kaps\u00c5\u00b3 38-3, Vilnius<\/li>\n<li>Telefon\u00c5\u00b3, fakso Nr. 865662017<\/li>\n<li>Elektroninis pa\u00c5?tas jurateworld@gmail.com<\/li>\n<li>\u00c4\u00aemon\u00c4\u2014s pavadinimas Vilniaus arkivyskupijos Caritas Lentvario parapijos vaik\u00c5\u00b3 dienos<\/li>\n<li>centras \u0101\u20ac\u02dbAkimirka\u0101\u20ac?<\/li>\n<li>\u00c4\u00aemon\u00c4\u2014s kodas 191677454<\/li>\n<li>Buvein\u00c4\u2014s adresas, miestas Ba\u00c5\u00beny\u00c4\u00a8ios g. 18, Lentvaris<\/li>\n<li>Telefon\u00c5\u00b3, fakso Nr. 8 699 68420<\/li>\n<li>Elektroninis pa\u00c5?tas caritas@inamai.lt<\/li>\n<\/ul>\n<p>\u00c4\u00aemon\u00c4\u2014s pavadinimas <strong>V\u00c5?\u00c4\u00ae Vilniaus policijos klubas vaikams ir jaunimui<\/strong><\/p>\n<ul>\n<li>\u00c4\u00aemon\u00c4\u2014s kodas 125453454<\/li>\n<li>Buvein\u00c4\u2014s adresas, miestas Justini\u00c5?ki\u00c5\u00b3 g. 109a, Vilnius<\/li>\n<li>Telefon\u00c5\u00b3, fakso Nr. (8-5) 2387209,<\/li>\n<li>Elektroninis pa\u00c5?tas info@policeclub.lt<\/li>\n<\/ul>\n<p>\u00c4\u00aemon\u00c4\u2014s pavadinimas <strong>V\u00c5?\u00c4\u00ae SOTAS (Socialin\u00c4\u2014s tarnyst\u00c4\u2014s savanoriai)<\/strong><\/p>\n<ul>\n<li>\u00c4\u00aemon\u00c4\u2014s kodas 195746022<\/li>\n<li>Buvein\u00c4\u2014s adresas, miestas Kalvarij\u00c5\u00b3 g. 159, LT 08313Vilnius<\/li>\n<li>Telefon\u00c5\u00b3, fakso Nr. 8 5 2121453<\/li>\n<li>Elektroninis pa\u00c5?tas sotas.vilnius@sotas.org, soc.tarn.savanoriai@gmail.com<\/li>\n<\/ul>\n","protected":false},"excerpt":{"rendered":"<p><!--test--><\/p>\n","protected":false},"author":1,"featured_media":0,"parent":0,"menu_order":0,"comment_status":"open","ping_status":"open","template":"","meta":{"footnotes":""},"class_list":["post-323","page","type-page","status-publish","hentry"],"_links":{"self":[{"href":"http:\/\/www.lvdca.lt\/index.php?rest_route=\/wp\/v2\/pages\/323","targetHints":{"allow":["GET"]}}],"collection":[{"href":"http:\/\/www.lvdca.lt\/index.php?rest_route=\/wp\/v2\/pages"}],"about":[{"href":"http:\/\/www.lvdca.lt\/index.php?rest_route=\/wp\/v2\/types\/page"}],"author":[{"embeddable":true,"href":"http:\/\/www.lvdca.lt\/index.php?rest_route=\/wp\/v2\/users\/1"}],"replies":[{"embeddable":true,"href":"http:\/\/www.lvdca.lt\/index.php?rest_route=%2Fwp%2Fv2%2Fcomments&post=323"}],"version-history":[{"count":7,"href":"http:\/\/www.lvdca.lt\/index.php?rest_route=\/wp\/v2\/pages\/323\/revisions"}],"predecessor-version":[{"id":505,"href":"http:\/\/www.lvdca.lt\/index.php?rest_route=\/wp\/v2\/pages\/323\/revisions\/505"}],"wp:attachment":[{"href":"http:\/\/www.lvdca.lt\/index.php?rest_route=%2Fwp%2Fv2%2Fmedia&parent=323"}],"curies":[{"name":"wp","href":"https:\/\/api.w.org\/{rel}","templated":true}]}}