{"id":6,"date":"2011-07-07T09:45:15","date_gmt":"2011-07-07T09:45:15","guid":{"rendered":"http:\/\/lvdca.lt\/new\/?page_id=6"},"modified":"2012-01-04T16:46:34","modified_gmt":"2012-01-04T16:46:34","slug":"trumpai-apie-asociacija","status":"publish","type":"page","link":"http:\/\/www.lvdca.lt\/?page_id=6","title":{"rendered":"Trumpai apie Asociacij\u00c4\u2026"},"content":{"rendered":"<p style=\"text-align: justify;\">Kasdien\u00c4\u2026 visuomen\u00c4\u2014 su\u00c5\u00beino apie \u00c5\u00beiaur\u00c5\u00b3 elges\u00c4\u00c6 su vaikais. Yra skaud\u00c5\u00beiausia, kad vaikai da\u00c5\u00beniausiai yra skriaud\u00c5\u00beiami jiems artimiausioje aplinkoje \u0101\u20ac\u201c \u00c5?eimoje. Tose \u00c5?eimose nesaikingai vartojamas alkoholis, narkotikai, vaikai patiria jose smurt\u00c4\u2026, ko pas\u00c4\u2014koje, i\u00c5?tisas dienas b\u00c5\u00abna nevalg\u00c4\u2122, blogai lanko arba i\u00c5? viso nelanko mokyklos. Gyvendami nepalankiomis s\u00c4\u2026lygomis jie tampa nusikalt\u00c4\u2014li\u00c5\u00b3 aukomis ir lengvai gali patys tapti nusikalt\u00c4\u2014liais. Kiekvienais metais t\u00c4\u2014v\u00c5\u00b3 globos netenka apie 3000 vaik\u00c5\u00b3. Socialiai ir pedagogi\u00c5?kai apleist\u00c5\u00b3 vaik\u00c5\u00b3 kiekis skai\u00c4\u00a8iuojamas de\u00c5?imtimis t\u00c5\u00abkstan\u00c4\u00a8i\u00c5\u00b3. Pad\u00c4\u2014ti \u00c5?iems vaikams i\u00c5?gyventi bei apginti j\u00c5\u00b3 teises \u00c4\u00c6 saugi\u00c4\u2026 ir rami\u00c4\u2026 aplink\u00c4\u2026, moksl\u00c4\u2026 bei \u00c5?eim\u00c4\u2026, tur\u00c4\u2014t\u00c5\u00b3 b\u00c5\u00abti pirmaeilis valstyb\u00c4\u2014s ir visuomen\u00c4\u2014s reikalas. Valstybin\u00c4\u2014 globa vaikams, patalpinant juos \u00c4\u00c6 institucij\u00c4\u2026, gali b\u00c5\u00abti teikiama tik kra\u00c5?tutiniu atveju, kai vaikui savo namuose gyventi nebesaugu.<\/p>\n<p style=\"text-align: justify;\">[tabs]<\/p>\n<p style=\"text-align: justify;\">[tab title=&#8221;Asociacijos tikslas:&#8221; current=true]<br \/>\nVaik\u00c5\u00b3 gerov\u00c4\u2014s siekimas per Lietuvos Vaik\u00c5\u00b3 dienos centr\u00c5\u00b3 teikiam\u00c5\u00b3 paslaug\u00c5\u00b3 spektr\u00c4\u2026, vadovaujantis krik\u00c5?\u00c4\u00a8ioni\u00c5?komis vertyb\u00c4\u2014mis, rengti ir \u00c4\u00c6gyvendinti socialines, pedagogines, psichologines bei reabilitacijos programas, skirtas vaikams bei j\u00c5\u00b3 \u00c5?eimoms.[\/tab]<\/p>\n<p style=\"text-align: justify;\">[tab title=&#8221;Asociacijos u\u00c5\u00bedaviniai:&#8221;]<br \/>\n\u0101\u20ac\u00a2 rengti ir leisti informacinius \u0101\u20ac\u201c metodinius leidinius;<br \/>\n\u0101\u20ac\u00a2 r\u00c5\u00abpintis Lietuvos dienos centr\u00c5\u00b3 darbuotoj\u00c5\u00b3 profesin\u00c4\u2014s kompetencijos tobulinimu;<br \/>\n\u0101\u20ac\u00a2 organizuoti seminarus, konferencijas ir kitus renginius;<br \/>\n\u0101\u20ac\u00a2 nustatyti dienos centr\u00c5\u00b3 k\u00c5\u00abrimo ir veiklos sri\u00c4\u00a8i\u00c5\u00b3 standartus ir kontroliuoti j\u00c5\u00b3 \u00c4\u00c6gyvendinim\u00c4\u2026;[\/tab]<\/p>\n<p style=\"text-align: justify;\">[tab title=&#8221;Asociacijos funkcijos:&#8221;]<br \/>\n\u0101\u20ac\u00a2 asociacijos veiklos strateginio plano rengimas;<br \/>\n\u0101\u20ac\u00a2 Lietuvos dienos centr\u00c5\u00b3 bendradarbiavimas, keliant darbuotoj\u00c5\u00b3 ir savanori\u00c5\u00b3 profesin\u00c4\u2122 kvalifikacij\u00c4\u2026 bei metodin\u00c4\u2014s paramos asociacijos nariams teikimas gerinant paslaug\u00c5\u00b3 kokyb\u00c4\u2122, informacijos pasikeitimas;<br \/>\n\u0101\u20ac\u00a2 asociacijos nari\u00c5\u00b3 teisi\u00c5\u00b3 bei teis\u00c4\u2014t\u00c5\u00b3 interes\u00c5\u00b3 atstovavimas ir gynimas valstybin\u00c4\u2014s vald\u00c5\u00beios ir valdymo organuose bei teismuose;<br \/>\n\u0101\u20ac\u00a2 finansin\u00c4\u2014s paramos paie\u00c5?kos ir l\u00c4\u2014\u00c5?\u00c5\u00b3 telkimas bendroms programoms \u00c4\u00c6gyvendinti;<br \/>\n\u0101\u20ac\u00a2 informacin\u00c4\u2014s sistemos k\u00c5\u00abrimas, siekiant paruo\u00c5?ti ir \u00c4\u00c6gyvendinti darbuotoj\u00c5\u00b3 ir savanori\u00c5\u00b3 apmokym\u00c5\u00b3 programas;<br \/>\n\u0101\u20ac\u00a2 bendradarbiavimas su valstybin\u00c4\u2014mis, nevyriausybin\u00c4\u2014mis ir priva\u00c4\u00a8iomis organizacijomis, siekiant asociacijos tiksl\u00c5\u00b3;<br \/>\n\u0101\u20ac\u00a2 informacini\u00c5\u00b3 paslaug\u00c5\u00b3 tinklo k\u00c5\u00abrimas internete;<br \/>\n\u0101\u20ac\u00a2 atstovavimas Europos ir pasaulio susivienijimuose, kuri\u00c5\u00b3 tikslai atitinka Lietuvos vaik\u00c5\u00b3 dienos centr\u00c5\u00b3 asociacijos tikslus.[\/tab]<\/p>\n<p style=\"text-align: justify;\">[\/tabs]<\/p>\n<p style=\"text-align: justify;\">Bendruomen\u00c4\u2014s bendradarbiaudamos su savivaldyb\u00c4\u2014mis \u00c4\u00c6kuria Vaik\u00c5\u00b3 dienos centrus. Juose vaikai maitinami, ruo\u00c5?ia pamokas, turiningai leid\u00c5\u00beia laisvalaik\u00c4\u00c6. Dienos centrai teikia dienin\u00c4\u2122 vaik\u00c5\u00b3 prie\u00c5\u00bei\u00c5\u00abr\u00c4\u2026 ir papildom\u00c4\u2026 paslaug\u00c5\u00b3 spektr\u00c4\u2026 sukurt\u00c4\u2026 taip, kad b\u00c5\u00abt\u00c5\u00b3 patenkinti esminiai vaiko asmenyb\u00c4\u2014s poreikiai, kuri\u00c5\u00b3 nesugeba suteikti vaiko \u00c5?eima ir sykiu, kad \u00c5?eima b\u00c5\u00abt\u00c5\u00b3 paremta, pagerinant t\u00c4\u2014vyst\u00c4\u2014s ir motinyst\u00c4\u2014s \u00c4\u00c6g\u00c5\u00abd\u00c5\u00beius j\u00c5\u00b3 pa\u00c4\u00a8i\u00c5\u00b3 namuose ir dienos centre. Prevencin\u00c4\u2014s programos dienos centruose vykdomos, siekiant rizikos grup\u00c4\u2014s vaik\u00c5\u00b3 integracijos \u00c4\u00c6 mokykl\u00c4\u2026, aplink\u00c4\u2026, visuomen\u00c4\u2122, apsaugant vaikus nuo i\u00c5?naudojimo ir prievartos bei i\u00c5?vengiant vaiko \u00c4\u2014mimo \u00c4\u00c6 glob\u00c4\u2026. Vykdant socialin\u00c4\u00c6 darb\u00c4\u2026 su t\u00c4\u2014vais, bendradarbiaujant su jais u\u00c5\u00bekertamas kelias kriz\u00c4\u2014ms \u00c5?eimose. Dienos centrai pasiteisino ir ekonominiu po\u00c5\u00bei\u00c5\u00abriu: vaik\u00c5\u00b3 i\u00c5?laikymas dienos centre daug pigesnis negu valstybin\u00c4\u2014se globos institucijose. Dienos centruose yra i\u00c5?vystytas savanori\u00c5?kas darbas,- \u00c5?alia profesionali\u00c5\u00b3 socialini\u00c5\u00b3 darbuotoj\u00c5\u00b3 dirba ir savanoriai \u0101\u20ac\u201c auk\u00c5?t\u00c5\u00b3j\u00c5\u00b3 mokykl\u00c5\u00b3 studentai, pedagogai, menininkai.<\/p>\n","protected":false},"excerpt":{"rendered":"<p>Pagrindinis m\u00c5\u00abs\u00c5\u00b3 tikslas &#8211; Vaik\u00c5\u00b3 gerov\u00c4\u2014s siekimas<\/p>\n","protected":false},"author":1,"featured_media":0,"parent":0,"menu_order":0,"comment_status":"open","ping_status":"closed","template":"","meta":{"footnotes":""},"class_list":["post-6","page","type-page","status-publish","hentry"],"_links":{"self":[{"href":"http:\/\/www.lvdca.lt\/index.php?rest_route=\/wp\/v2\/pages\/6","targetHints":{"allow":["GET"]}}],"collection":[{"href":"http:\/\/www.lvdca.lt\/index.php?rest_route=\/wp\/v2\/pages"}],"about":[{"href":"http:\/\/www.lvdca.lt\/index.php?rest_route=\/wp\/v2\/types\/page"}],"author":[{"embeddable":true,"href":"http:\/\/www.lvdca.lt\/index.php?rest_route=\/wp\/v2\/users\/1"}],"replies":[{"embeddable":true,"href":"http:\/\/www.lvdca.lt\/index.php?rest_route=%2Fwp%2Fv2%2Fcomments&post=6"}],"version-history":[{"count":27,"href":"http:\/\/www.lvdca.lt\/index.php?rest_route=\/wp\/v2\/pages\/6\/revisions"}],"predecessor-version":[{"id":223,"href":"http:\/\/www.lvdca.lt\/index.php?rest_route=\/wp\/v2\/pages\/6\/revisions\/223"}],"wp:attachment":[{"href":"http:\/\/www.lvdca.lt\/index.php?rest_route=%2Fwp%2Fv2%2Fmedia&parent=6"}],"curies":[{"name":"wp","href":"https:\/\/api.w.org\/{rel}","templated":true}]}}