{"id":611,"date":"2023-01-03T15:41:51","date_gmt":"2023-01-03T15:41:51","guid":{"rendered":"http:\/\/www.lvdca.lt\/?page_id=611"},"modified":"2023-10-11T13:20:31","modified_gmt":"2023-10-11T13:20:31","slug":"erasmus","status":"publish","type":"page","link":"http:\/\/www.lvdca.lt\/?page_id=611","title":{"rendered":"ERASMUS"},"content":{"rendered":"<ul>\n<li><a href=\"http:\/\/www.lvdca.lt\/wp-content\/uploads\/2023\/01\/2022-12-05_Trieste-Meeting_Report_Lithuanian.docx\" target=\"_blank\" rel=\"noopener\">1-asis partneryst\u00c4\u2014s susitikimas Trieste (Italija) apra\u00c5\u00a1ymas<\/a><\/li>\n<\/ul>\n<p><a href=\"http:\/\/www.lvdca.lt\/wp-content\/uploads\/2023\/01\/rsz_20221206_145914.jpg\"><img fetchpriority=\"high\" decoding=\"async\" class=\"alignnone wp-image-617 size-full\" src=\"http:\/\/www.lvdca.lt\/wp-content\/uploads\/2023\/01\/rsz_20221206_145914.jpg\" alt=\"\" width=\"2304\" height=\"1728\" srcset=\"http:\/\/www.lvdca.lt\/wp-content\/uploads\/2023\/01\/rsz_20221206_145914.jpg 2304w, http:\/\/www.lvdca.lt\/wp-content\/uploads\/2023\/01\/rsz_20221206_145914-300x225.jpg 300w, http:\/\/www.lvdca.lt\/wp-content\/uploads\/2023\/01\/rsz_20221206_145914-1024x768.jpg 1024w, http:\/\/www.lvdca.lt\/wp-content\/uploads\/2023\/01\/rsz_20221206_145914-768x576.jpg 768w, http:\/\/www.lvdca.lt\/wp-content\/uploads\/2023\/01\/rsz_20221206_145914-1536x1152.jpg 1536w, http:\/\/www.lvdca.lt\/wp-content\/uploads\/2023\/01\/rsz_20221206_145914-2048x1536.jpg 2048w, http:\/\/www.lvdca.lt\/wp-content\/uploads\/2023\/01\/rsz_20221206_145914-160x120.jpg 160w, http:\/\/www.lvdca.lt\/wp-content\/uploads\/2023\/01\/rsz_20221206_145914-220x165.jpg 220w, http:\/\/www.lvdca.lt\/wp-content\/uploads\/2023\/01\/rsz_20221206_145914-340x255.jpg 340w, http:\/\/www.lvdca.lt\/wp-content\/uploads\/2023\/01\/rsz_20221206_145914-460x345.jpg 460w, http:\/\/www.lvdca.lt\/wp-content\/uploads\/2023\/01\/rsz_20221206_145914-700x525.jpg 700w, http:\/\/www.lvdca.lt\/wp-content\/uploads\/2023\/01\/rsz_20221206_145914-900x675.jpg 900w\" sizes=\"(max-width: 2304px) 100vw, 2304px\" \/><\/a> <a href=\"http:\/\/www.lvdca.lt\/wp-content\/uploads\/2023\/01\/rsz_20221207_110141.jpg\"><img decoding=\"async\" class=\"alignnone wp-image-618 size-full\" src=\"http:\/\/www.lvdca.lt\/wp-content\/uploads\/2023\/01\/rsz_20221207_110141.jpg\" alt=\"\" width=\"2304\" height=\"1728\" srcset=\"http:\/\/www.lvdca.lt\/wp-content\/uploads\/2023\/01\/rsz_20221207_110141.jpg 2304w, http:\/\/www.lvdca.lt\/wp-content\/uploads\/2023\/01\/rsz_20221207_110141-300x225.jpg 300w, http:\/\/www.lvdca.lt\/wp-content\/uploads\/2023\/01\/rsz_20221207_110141-1024x768.jpg 1024w, http:\/\/www.lvdca.lt\/wp-content\/uploads\/2023\/01\/rsz_20221207_110141-768x576.jpg 768w, http:\/\/www.lvdca.lt\/wp-content\/uploads\/2023\/01\/rsz_20221207_110141-1536x1152.jpg 1536w, http:\/\/www.lvdca.lt\/wp-content\/uploads\/2023\/01\/rsz_20221207_110141-2048x1536.jpg 2048w, http:\/\/www.lvdca.lt\/wp-content\/uploads\/2023\/01\/rsz_20221207_110141-160x120.jpg 160w, http:\/\/www.lvdca.lt\/wp-content\/uploads\/2023\/01\/rsz_20221207_110141-220x165.jpg 220w, http:\/\/www.lvdca.lt\/wp-content\/uploads\/2023\/01\/rsz_20221207_110141-340x255.jpg 340w, http:\/\/www.lvdca.lt\/wp-content\/uploads\/2023\/01\/rsz_20221207_110141-460x345.jpg 460w, http:\/\/www.lvdca.lt\/wp-content\/uploads\/2023\/01\/rsz_20221207_110141-700x525.jpg 700w, http:\/\/www.lvdca.lt\/wp-content\/uploads\/2023\/01\/rsz_20221207_110141-900x675.jpg 900w\" sizes=\"(max-width: 2304px) 100vw, 2304px\" \/><\/a> <a href=\"http:\/\/www.lvdca.lt\/wp-content\/uploads\/2023\/01\/rsz_120221205_095943-1.jpg\"><img decoding=\"async\" class=\"alignleft wp-image-616 size-large\" src=\"http:\/\/www.lvdca.lt\/wp-content\/uploads\/2023\/01\/rsz_120221205_095943-1-1024x768.jpg\" alt=\"\" width=\"940\" height=\"705\" srcset=\"http:\/\/www.lvdca.lt\/wp-content\/uploads\/2023\/01\/rsz_120221205_095943-1-1024x768.jpg 1024w, http:\/\/www.lvdca.lt\/wp-content\/uploads\/2023\/01\/rsz_120221205_095943-1-300x225.jpg 300w, http:\/\/www.lvdca.lt\/wp-content\/uploads\/2023\/01\/rsz_120221205_095943-1-768x576.jpg 768w, http:\/\/www.lvdca.lt\/wp-content\/uploads\/2023\/01\/rsz_120221205_095943-1-1536x1152.jpg 1536w, http:\/\/www.lvdca.lt\/wp-content\/uploads\/2023\/01\/rsz_120221205_095943-1-2048x1536.jpg 2048w, http:\/\/www.lvdca.lt\/wp-content\/uploads\/2023\/01\/rsz_120221205_095943-1-160x120.jpg 160w, http:\/\/www.lvdca.lt\/wp-content\/uploads\/2023\/01\/rsz_120221205_095943-1-220x165.jpg 220w, http:\/\/www.lvdca.lt\/wp-content\/uploads\/2023\/01\/rsz_120221205_095943-1-340x255.jpg 340w, http:\/\/www.lvdca.lt\/wp-content\/uploads\/2023\/01\/rsz_120221205_095943-1-460x345.jpg 460w, http:\/\/www.lvdca.lt\/wp-content\/uploads\/2023\/01\/rsz_120221205_095943-1-700x525.jpg 700w, http:\/\/www.lvdca.lt\/wp-content\/uploads\/2023\/01\/rsz_120221205_095943-1-900x675.jpg 900w\" sizes=\"(max-width: 940px) 100vw, 940px\" \/><\/a><\/p>\n\n\n<p><a href=\"http:\/\/www.health-in-families.eu\" data-type=\"URL\" data-id=\"www.health-in-families.eu\">Health begins in the family&nbsp;Prevention and health promotion for families in precarious circumstances in Europe ( Project period: 01.11.2020 \u2013 31.08.2023)<\/a><\/p>\n\n\n\n<p><a href=\"http:\/\/www.lvdca.lt\/wp-content\/uploads\/2023\/10\/2022-06-27_Bericht-Linz-Meeting_Lithuanian-pat.pdf\" data-type=\"URL\" data-id=\"http:\/\/www.lvdca.lt\/wp-content\/uploads\/2023\/10\/2022-06-27_Bericht-Linz-Meeting_Lithuanian-pat.pdf\" target=\"_blank\" rel=\"noreferrer noopener\">1-asis partneryst\u0117s susitikimas Lince (Austrija)<\/a><\/p>\n\n\n\n<p><a rel=\"noreferrer noopener\" href=\"http:\/\/www.lvdca.lt\/wp-content\/uploads\/2023\/10\/2023-06-01_TPM-Targu-Mures_Lithuanian_Report_ok.pdf\" data-type=\"URL\" data-id=\"http:\/\/www.lvdca.lt\/wp-content\/uploads\/2023\/10\/2023-06-01_TPM-Targu-Mures_Lithuanian_Report_ok.pdf\" target=\"_blank\">3-iasis partneryst\u0117s susitikimas Targu Mure\u0161e (Rumunija)<\/a><\/p>\n\n\n\n<p><a href=\"https:\/\/cloud.3dissue.com\/183\/378\/716\/erasmus-2023\/index.html?r=16\">https:\/\/cloud.3dissue.com\/183\/378\/716\/erasmus-2023\/index.html?r=16<\/a><\/p>\n\n\n\n<p><\/p>\n","protected":false},"excerpt":{"rendered":"<p>1-asis partneryst\u00c4\u2014s susitikimas Trieste (Italija) apra\u00c5\u00a1ymas Health begins in the family&nbsp;Prevention and health promotion for families in precarious circumstances in Europe ( Project period: 01.11.2020 \u2013 31.08.2023) 1-asis partneryst\u0117s susitikimas Lince (Austrija) 3-iasis partneryst\u0117s susitikimas Targu Mure\u0161e (Rumunija) https:\/\/cloud.3dissue.com\/183\/378\/716\/erasmus-2023\/index.html?r=16<\/p>\n","protected":false},"author":1,"featured_media":0,"parent":0,"menu_order":0,"comment_status":"closed","ping_status":"closed","template":"","meta":{"footnotes":""},"class_list":["post-611","page","type-page","status-publish","hentry"],"_links":{"self":[{"href":"http:\/\/www.lvdca.lt\/index.php?rest_route=\/wp\/v2\/pages\/611","targetHints":{"allow":["GET"]}}],"collection":[{"href":"http:\/\/www.lvdca.lt\/index.php?rest_route=\/wp\/v2\/pages"}],"about":[{"href":"http:\/\/www.lvdca.lt\/index.php?rest_route=\/wp\/v2\/types\/page"}],"author":[{"embeddable":true,"href":"http:\/\/www.lvdca.lt\/index.php?rest_route=\/wp\/v2\/users\/1"}],"replies":[{"embeddable":true,"href":"http:\/\/www.lvdca.lt\/index.php?rest_route=%2Fwp%2Fv2%2Fcomments&post=611"}],"version-history":[{"count":8,"href":"http:\/\/www.lvdca.lt\/index.php?rest_route=\/wp\/v2\/pages\/611\/revisions"}],"predecessor-version":[{"id":644,"href":"http:\/\/www.lvdca.lt\/index.php?rest_route=\/wp\/v2\/pages\/611\/revisions\/644"}],"wp:attachment":[{"href":"http:\/\/www.lvdca.lt\/index.php?rest_route=%2Fwp%2Fv2%2Fmedia&parent=611"}],"curies":[{"name":"wp","href":"https:\/\/api.w.org\/{rel}","templated":true}]}}