{"id":658,"date":"2025-12-18T20:31:23","date_gmt":"2025-12-18T20:31:23","guid":{"rendered":"https:\/\/www.lvdca.lt\/?page_id=658"},"modified":"2025-12-19T09:32:48","modified_gmt":"2025-12-19T09:32:48","slug":"lietuvos-vaiku-dienos-centru-asociacija","status":"publish","type":"page","link":"https:\/\/www.lvdca.lt\/","title":{"rendered":"Lietuvos Vaik\u0173 Dienos Centr\u0173 Asociacija"},"content":{"rendered":"\t\t<div data-elementor-type=\"wp-page\" data-elementor-id=\"658\" class=\"elementor elementor-658\">\n\t\t\t\t<div class=\"elementor-element elementor-element-eb16e17 e-con-full e-flex e-con e-parent\" data-id=\"eb16e17\" data-element_type=\"container\" data-settings=\"{&quot;background_background&quot;:&quot;classic&quot;}\">\n\t\t\t\t<div class=\"elementor-element elementor-element-ba8a845 elementor-widget elementor-widget-heading\" data-id=\"ba8a845\" data-element_type=\"widget\" data-widget_type=\"heading.default\">\n\t\t\t\t\t<h2 class=\"elementor-heading-title elementor-size-default\">Lietuvos vaik\u0173 dienos centr\u0173 asociacija<\/h2>\t\t\t\t<\/div>\n\t\t\t\t<div class=\"elementor-element elementor-element-0f74120 elementor-align-center elementor-widget elementor-widget-button\" data-id=\"0f74120\" data-element_type=\"widget\" data-widget_type=\"button.default\">\n\t\t\t\t\t\t\t\t\t\t<a class=\"elementor-button elementor-button-link elementor-size-sm\" href=\"#ataskaitos\">\n\t\t\t\t\t\t<span class=\"elementor-button-content-wrapper\">\n\t\t\t\t\t\t\t\t\t<span class=\"elementor-button-text\">Ataskaitos<\/span>\n\t\t\t\t\t<\/span>\n\t\t\t\t\t<\/a>\n\t\t\t\t\t\t\t\t<\/div>\n\t\t\t\t<\/div>\n\t\t<div class=\"elementor-element elementor-element-48c437d e-flex e-con-boxed e-con e-parent\" data-id=\"48c437d\" data-element_type=\"container\">\n\t\t\t\t\t<div class=\"e-con-inner\">\n\t\t\t\t<div class=\"elementor-element elementor-element-3b9b8dc elementor-widget elementor-widget-menu-anchor\" data-id=\"3b9b8dc\" data-element_type=\"widget\" data-widget_type=\"menu-anchor.default\">\n\t\t\t\t\t\t\t<div class=\"elementor-menu-anchor\" id=\"ataskaitos\"><\/div>\n\t\t\t\t\t\t<\/div>\n\t\t\t\t<div class=\"elementor-element elementor-element-c0a98c1 elementor-widget elementor-widget-heading\" data-id=\"c0a98c1\" data-element_type=\"widget\" data-widget_type=\"heading.default\">\n\t\t\t\t\t<h2 class=\"elementor-heading-title elementor-size-default\">Veiklos ataskaitos ir finansini\u0173 ataskait\u0173 rinkiniai<\/h2>\t\t\t\t<\/div>\n\t\t\t\t<div class=\"elementor-element elementor-element-0ef0135 e-n-tabs-mobile elementor-widget elementor-widget-n-tabs\" data-id=\"0ef0135\" data-element_type=\"widget\" data-settings=\"{&quot;horizontal_scroll&quot;:&quot;disable&quot;}\" data-widget_type=\"nested-tabs.default\">\n\t\t\t\t\t\t\t<div class=\"e-n-tabs\" data-widget-number=\"15663413\" aria-label=\"Tabs. Open items with Enter or Space, close with Escape and navigate using the Arrow keys.\">\n\t\t\t<div class=\"e-n-tabs-heading\" role=\"tablist\">\n\t\t\t\t\t<button id=\"e-n-tab-title-156634131\" data-tab-title-id=\"e-n-tab-title-156634131\" class=\"e-n-tab-title\" aria-selected=\"true\" data-tab-index=\"1\" role=\"tab\" tabindex=\"0\" aria-controls=\"e-n-tab-content-156634131\" style=\"--n-tabs-title-order: 1;\">\n\t\t\t\t\t\t<span class=\"e-n-tab-title-text\">\n\t\t\t\t2022 ataskaitos\t\t\t<\/span>\n\t\t<\/button>\n\t\t\t\t<button id=\"e-n-tab-title-156634132\" data-tab-title-id=\"e-n-tab-title-156634132\" class=\"e-n-tab-title\" aria-selected=\"false\" data-tab-index=\"2\" role=\"tab\" tabindex=\"-1\" aria-controls=\"e-n-tab-content-156634132\" style=\"--n-tabs-title-order: 2;\">\n\t\t\t\t\t\t<span class=\"e-n-tab-title-text\">\n\t\t\t\t2023 ataskaitos\t\t\t<\/span>\n\t\t<\/button>\n\t\t\t\t<button id=\"e-n-tab-title-156634133\" data-tab-title-id=\"e-n-tab-title-156634133\" class=\"e-n-tab-title\" aria-selected=\"false\" data-tab-index=\"3\" role=\"tab\" tabindex=\"-1\" aria-controls=\"e-n-tab-content-156634133\" style=\"--n-tabs-title-order: 3;\">\n\t\t\t\t\t\t<span class=\"e-n-tab-title-text\">\n\t\t\t\t2024 ataskaitos\t\t\t<\/span>\n\t\t<\/button>\n\t\t\t\t<button id=\"e-n-tab-title-156634134\" data-tab-title-id=\"e-n-tab-title-156634134\" class=\"e-n-tab-title\" aria-selected=\"false\" data-tab-index=\"4\" role=\"tab\" tabindex=\"-1\" aria-controls=\"e-n-tab-content-156634134\" style=\"--n-tabs-title-order: 4;\">\n\t\t\t\t\t\t<span class=\"e-n-tab-title-text\">\n\t\t\t\t\u012egyvendinti ir vykdomi projektai\t\t\t<\/span>\n\t\t<\/button>\n\t\t\t\t\t<\/div>\n\t\t\t<div class=\"e-n-tabs-content\">\n\t\t\t\t<div id=\"e-n-tab-content-156634131\" role=\"tabpanel\" aria-labelledby=\"e-n-tab-title-156634131\" data-tab-index=\"1\" style=\"--n-tabs-title-order: 1;\" class=\"e-active elementor-element elementor-element-bae9b04 e-con-full e-flex e-con e-child\" data-id=\"bae9b04\" data-element_type=\"container\">\n\t\t\t\t<div class=\"elementor-element elementor-element-6a62e49 elementor-widget elementor-widget-text-editor\" data-id=\"6a62e49\" data-element_type=\"widget\" data-widget_type=\"text-editor.default\">\n\t\t\t\t\t\t\t\t\t<p><a href=\"http:\/\/www.lvdca.lt\/wp-content\/uploads\/2025\/12\/2022-FINANSINIU-ATASKAITU-EL.-RINKINYS.pdf\" target=\"_blank\" rel=\"noopener\">2022 FINANSINI\u0172 ATASKAIT\u0172 EL. RINKINYS<\/a><\/p><p><a href=\"http:\/\/www.lvdca.lt\/wp-content\/uploads\/2025\/12\/2022-METINIS-PRANESIMAS-VEIKLOS-ATASKAITA.pdf\" target=\"_blank\" rel=\"noopener\">2022 METINIS PRANE\u0160IMAS (VEIKLOS ATASKAITA)<\/a><\/p><p><a href=\"http:\/\/www.lvdca.lt\/wp-content\/uploads\/2025\/12\/2022-AISKINAMASIS-RASTAS.pdf\" target=\"_blank\" rel=\"noopener\">2022 AI\u0160KINAMASIS RA\u0160TAS<\/a><\/p><p><a href=\"http:\/\/www.lvdca.lt\/wp-content\/uploads\/2025\/12\/2022-PATVIRTINTOS-FINANSINES-ATASKAITOS.pdf\" target=\"_blank\" rel=\"noopener\">2022 PATVIRTINTOS FINANSIN\u0116S ATASKAITOS<\/a><\/p>\t\t\t\t\t\t\t\t<\/div>\n\t\t\t\t<\/div>\n\t\t<div id=\"e-n-tab-content-156634132\" role=\"tabpanel\" aria-labelledby=\"e-n-tab-title-156634132\" data-tab-index=\"2\" style=\"--n-tabs-title-order: 2;\" class=\" elementor-element elementor-element-30ecc50 e-con-full e-flex e-con e-child\" data-id=\"30ecc50\" data-element_type=\"container\">\n\t\t\t\t<div class=\"elementor-element elementor-element-5e13c8f elementor-widget elementor-widget-text-editor\" data-id=\"5e13c8f\" data-element_type=\"widget\" data-widget_type=\"text-editor.default\">\n\t\t\t\t\t\t\t\t\t<p><a href=\"http:\/\/www.lvdca.lt\/wp-content\/uploads\/2025\/12\/2023-FINANSINIU-ATASKAITU-EL.-RINKINYS.pdf\" target=\"_blank\" rel=\"noopener\">2023 FINANSINI\u0172 ATASKAIT\u0172 EL. RINKINYS<\/a><\/p><p><a href=\"http:\/\/www.lvdca.lt\/wp-content\/uploads\/2025\/12\/2023-METINIS-PRANESIMAS-VEIKLOS-ATASKAITA.pdf\" target=\"_blank\" rel=\"noopener\">2023 METINIS PRANE\u0160IMAS (VEIKLOS ATASKAITA)<\/a><\/p><p><a href=\"http:\/\/www.lvdca.lt\/wp-content\/uploads\/2025\/12\/2023-AISKINAMASIS-RASTAS.pdf\" target=\"_blank\" rel=\"noopener\">2023 AI\u0160KINAMASIS RA\u0160TAS<\/a><\/p><p><a href=\"http:\/\/www.lvdca.lt\/wp-content\/uploads\/2025\/12\/2023-PATVIRTINTOS-FINANSINES-ATASKAITOS.pdf\" target=\"_blank\" rel=\"noopener\">2023 PATVIRTINTOS FINANSIN\u0116S ATASKAITOS<\/a><\/p>\t\t\t\t\t\t\t\t<\/div>\n\t\t\t\t<\/div>\n\t\t<div id=\"e-n-tab-content-156634133\" role=\"tabpanel\" aria-labelledby=\"e-n-tab-title-156634133\" data-tab-index=\"3\" style=\"--n-tabs-title-order: 3;\" class=\" elementor-element elementor-element-d0b0b6b e-con-full e-flex e-con e-child\" data-id=\"d0b0b6b\" data-element_type=\"container\">\n\t\t\t\t<div class=\"elementor-element elementor-element-4b71e42 elementor-widget elementor-widget-text-editor\" data-id=\"4b71e42\" data-element_type=\"widget\" data-widget_type=\"text-editor.default\">\n\t\t\t\t\t\t\t\t\t<p><a href=\"http:\/\/www.lvdca.lt\/wp-content\/uploads\/2025\/12\/2024-FINANSINIU-ATASKAITU-EL.-RINKINYS.pdf\" target=\"_blank\" rel=\"noopener\">2024 FINANSINI\u0172 ATASKAIT\u0172 EL. RINKINYS<\/a><\/p><p><a href=\"http:\/\/www.lvdca.lt\/wp-content\/uploads\/2025\/12\/2024-METINIS-PRANESIMAS-VEIKLOS-ATASKAITA.pdf\" target=\"_blank\" rel=\"noopener\">2024 METINIS PRANE\u0160IMAS (VEIKLOS ATASKAITA)<\/a><\/p><p><a href=\"http:\/\/www.lvdca.lt\/wp-content\/uploads\/2025\/12\/2024-AISKINAMASIS-RASTAS.pdf\" target=\"_blank\" rel=\"noopener\">2024 AI\u0160KINAMASIS RA\u0160TAS<\/a><\/p><p><a href=\"http:\/\/www.lvdca.lt\/wp-content\/uploads\/2025\/12\/2024-PATVIRTINTOS-FINANSINES-ATASKAITOS.pdf\" target=\"_blank\" rel=\"noopener\">2024 PATVIRTINTOS FINANSIN\u0116S ATASKAITOS<\/a><\/p>\t\t\t\t\t\t\t\t<\/div>\n\t\t\t\t<\/div>\n\t\t<div id=\"e-n-tab-content-156634134\" role=\"tabpanel\" aria-labelledby=\"e-n-tab-title-156634134\" data-tab-index=\"4\" style=\"--n-tabs-title-order: 4;\" class=\" elementor-element elementor-element-d4211f5 e-con-full e-flex e-con e-child\" data-id=\"d4211f5\" data-element_type=\"container\">\n\t\t\t\t<div class=\"elementor-element elementor-element-73e456c elementor-widget elementor-widget-text-editor\" data-id=\"73e456c\" data-element_type=\"widget\" data-widget_type=\"text-editor.default\">\n\t\t\t\t\t\t\t\t\t<p><a href=\"http:\/\/www.lvdca.lt\/wp-content\/uploads\/2025\/12\/Lietuvos-VDC-asociacijos-patirtis.pdf\" target=\"_blank\" rel=\"noopener\">Lietuvos VDC asociacijos patirtis<\/a><\/p>\t\t\t\t\t\t\t\t<\/div>\n\t\t\t\t<\/div>\n\t\t\t\t\t<\/div>\n\t\t<\/div>\n\t\t\t\t\t\t<\/div>\n\t\t\t\t\t<\/div>\n\t\t\t\t<\/div>\n\t\t<div class=\"elementor-element elementor-element-9ab6fde e-flex e-con-boxed e-con e-parent\" data-id=\"9ab6fde\" data-element_type=\"container\" data-settings=\"{&quot;background_background&quot;:&quot;classic&quot;}\">\n\t\t\t\t\t<div class=\"e-con-inner\">\n\t\t<div class=\"elementor-element elementor-element-11ec752 e-con-full e-flex e-con e-child\" data-id=\"11ec752\" data-element_type=\"container\">\n\t\t<div class=\"elementor-element elementor-element-2a301b5 e-con-full e-flex e-con e-child\" data-id=\"2a301b5\" data-element_type=\"container\">\n\t\t\t\t<div class=\"elementor-element elementor-element-ea51d01 elementor-widget elementor-widget-heading\" data-id=\"ea51d01\" data-element_type=\"widget\" data-widget_type=\"heading.default\">\n\t\t\t\t\t<h2 class=\"elementor-heading-title elementor-size-default\">Kontaktai<\/h2>\t\t\t\t<\/div>\n\t\t\t\t<div class=\"elementor-element elementor-element-07515ad elementor-widget elementor-widget-text-editor\" data-id=\"07515ad\" data-element_type=\"widget\" data-widget_type=\"text-editor.default\">\n\t\t\t\t\t\t\t\t\tTurite klausim\u0173 ar norite prisid\u0117ti prie m\u016bs\u0173 veiklos? Susisiekite \u2013 laukiame j\u016bs\u0173 \u017einut\u0117s.\t\t\t\t\t\t\t\t<\/div>\n\t\t\t\t<\/div>\n\t\t<div class=\"elementor-element elementor-element-d6ea7de e-con-full e-flex e-con e-child\" data-id=\"d6ea7de\" data-element_type=\"container\">\n\t\t\t\t<div class=\"elementor-element elementor-element-7e27c27 elementor-icon-list--layout-traditional elementor-list-item-link-full_width elementor-widget elementor-widget-icon-list\" data-id=\"7e27c27\" data-element_type=\"widget\" data-widget_type=\"icon-list.default\">\n\t\t\t\t\t\t\t<ul class=\"elementor-icon-list-items\">\n\t\t\t\t\t\t\t<li class=\"elementor-icon-list-item\">\n\t\t\t\t\t\t\t\t\t\t\t<a href=\"tel:+370600%2025188\">\n\n\t\t\t\t\t\t\t\t\t\t\t\t<span class=\"elementor-icon-list-icon\">\n\t\t\t\t\t\t\t<svg aria-hidden=\"true\" class=\"e-font-icon-svg e-fas-phone-alt\" viewBox=\"0 0 512 512\" xmlns=\"http:\/\/www.w3.org\/2000\/svg\"><path d=\"M497.39 361.8l-112-48a24 24 0 0 0-28 6.9l-49.6 60.6A370.66 370.66 0 0 1 130.6 204.11l60.6-49.6a23.94 23.94 0 0 0 6.9-28l-48-112A24.16 24.16 0 0 0 122.6.61l-104 24A24 24 0 0 0 0 48c0 256.5 207.9 464 464 464a24 24 0 0 0 23.4-18.6l24-104a24.29 24.29 0 0 0-14.01-27.6z\"><\/path><\/svg>\t\t\t\t\t\t<\/span>\n\t\t\t\t\t\t\t\t\t\t<span class=\"elementor-icon-list-text\">+370600 25188<\/span>\n\t\t\t\t\t\t\t\t\t\t\t<\/a>\n\t\t\t\t\t\t\t\t\t<\/li>\n\t\t\t\t\t\t\t\t<li class=\"elementor-icon-list-item\">\n\t\t\t\t\t\t\t\t\t\t\t<a href=\"mailto:tavogalimybe@gmail.com\">\n\n\t\t\t\t\t\t\t\t\t\t\t\t<span class=\"elementor-icon-list-icon\">\n\t\t\t\t\t\t\t<svg aria-hidden=\"true\" class=\"e-font-icon-svg e-fas-envelope\" viewBox=\"0 0 512 512\" xmlns=\"http:\/\/www.w3.org\/2000\/svg\"><path d=\"M502.3 190.8c3.9-3.1 9.7-.2 9.7 4.7V400c0 26.5-21.5 48-48 48H48c-26.5 0-48-21.5-48-48V195.6c0-5 5.7-7.8 9.7-4.7 22.4 17.4 52.1 39.5 154.1 113.6 21.1 15.4 56.7 47.8 92.2 47.6 35.7.3 72-32.8 92.3-47.6 102-74.1 131.6-96.3 154-113.7zM256 320c23.2.4 56.6-29.2 73.4-41.4 132.7-96.3 142.8-104.7 173.4-128.7 5.8-4.5 9.2-11.5 9.2-18.9v-19c0-26.5-21.5-48-48-48H48C21.5 64 0 85.5 0 112v19c0 7.4 3.4 14.3 9.2 18.9 30.6 23.9 40.7 32.4 173.4 128.7 16.8 12.2 50.2 41.8 73.4 41.4z\"><\/path><\/svg>\t\t\t\t\t\t<\/span>\n\t\t\t\t\t\t\t\t\t\t<span class=\"elementor-icon-list-text\">tavogalimybe@gmail.com<\/span>\n\t\t\t\t\t\t\t\t\t\t\t<\/a>\n\t\t\t\t\t\t\t\t\t<\/li>\n\t\t\t\t\t\t\t\t<li class=\"elementor-icon-list-item\">\n\t\t\t\t\t\t\t\t\t\t\t<span class=\"elementor-icon-list-icon\">\n\t\t\t\t\t\t\t<svg aria-hidden=\"true\" class=\"e-font-icon-svg e-fas-map-pin\" viewBox=\"0 0 288 512\" xmlns=\"http:\/\/www.w3.org\/2000\/svg\"><path d=\"M112 316.94v156.69l22.02 33.02c4.75 7.12 15.22 7.12 19.97 0L176 473.63V316.94c-10.39 1.92-21.06 3.06-32 3.06s-21.61-1.14-32-3.06zM144 0C64.47 0 0 64.47 0 144s64.47 144 144 144 144-64.47 144-144S223.53 0 144 0zm0 76c-37.5 0-68 30.5-68 68 0 6.62-5.38 12-12 12s-12-5.38-12-12c0-50.73 41.28-92 92-92 6.62 0 12 5.38 12 12s-5.38 12-12 12z\"><\/path><\/svg>\t\t\t\t\t\t<\/span>\n\t\t\t\t\t\t\t\t\t\t<span class=\"elementor-icon-list-text\">M. Dauk\u0161os g. 10A, Kaunas<\/span>\n\t\t\t\t\t\t\t\t\t<\/li>\n\t\t\t\t\t\t<\/ul>\n\t\t\t\t\t\t<\/div>\n\t\t\t\t<\/div>\n\t\t\t\t<\/div>\n\t\t\t\t<div class=\"elementor-element elementor-element-2fda005 elementor-widget elementor-widget-google_maps\" data-id=\"2fda005\" data-element_type=\"widget\" data-widget_type=\"google_maps.default\">\n\t\t\t\t\t\t\t<div class=\"elementor-custom-embed\">\n\t\t\t<iframe loading=\"lazy\"\n\t\t\t\t\tsrc=\"https:\/\/maps.google.com\/maps?q=m.dauk%C5%A1os%2010a%2C%20kaunas&#038;t=m&#038;z=13&#038;output=embed&#038;iwloc=near\"\n\t\t\t\t\ttitle=\"m.dauk\u0161os 10a, kaunas\"\n\t\t\t\t\taria-label=\"m.dauk\u0161os 10a, kaunas\"\n\t\t\t><\/iframe>\n\t\t<\/div>\n\t\t\t\t\t\t<\/div>\n\t\t\t\t\t<\/div>\n\t\t\t\t<\/div>\n\t\t\t\t<\/div>\n\t\t","protected":false},"excerpt":{"rendered":"<p>Lietuvos vaik\u0173 dienos centr\u0173 asociacija Ataskaitos Veiklos ataskaitos ir finansini\u0173 ataskait\u0173 rinkiniai 2022 ataskaitos 2023 ataskaitos 2024 ataskaitos \u012egyvendinti ir vykdomi projektai 2022 FINANSINI\u0172 ATASKAIT\u0172 EL. RINKINYS 2022 METINIS PRANE\u0160IMAS (VEIKLOS ATASKAITA) 2022 AI\u0160KINAMASIS RA\u0160TAS 2022 PATVIRTINTOS FINANSIN\u0116S ATASKAITOS 2023 FINANSINI\u0172 ATASKAIT\u0172 EL. RINKINYS 2023 METINIS PRANE\u0160IMAS (VEIKLOS ATASKAITA) 2023 AI\u0160KINAMASIS RA\u0160TAS 2023 PATVIRTINTOS FINANSIN\u0116S [&hellip;]<\/p>\n","protected":false},"author":1,"featured_media":0,"parent":0,"menu_order":0,"comment_status":"closed","ping_status":"closed","template":"elementor_canvas","meta":{"footnotes":""},"class_list":["post-658","page","type-page","status-publish","hentry"],"_links":{"self":[{"href":"https:\/\/www.lvdca.lt\/index.php?rest_route=\/wp\/v2\/pages\/658","targetHints":{"allow":["GET"]}}],"collection":[{"href":"https:\/\/www.lvdca.lt\/index.php?rest_route=\/wp\/v2\/pages"}],"about":[{"href":"https:\/\/www.lvdca.lt\/index.php?rest_route=\/wp\/v2\/types\/page"}],"author":[{"embeddable":true,"href":"https:\/\/www.lvdca.lt\/index.php?rest_route=\/wp\/v2\/users\/1"}],"replies":[{"embeddable":true,"href":"https:\/\/www.lvdca.lt\/index.php?rest_route=%2Fwp%2Fv2%2Fcomments&post=658"}],"version-history":[{"count":64,"href":"https:\/\/www.lvdca.lt\/index.php?rest_route=\/wp\/v2\/pages\/658\/revisions"}],"predecessor-version":[{"id":745,"href":"https:\/\/www.lvdca.lt\/index.php?rest_route=\/wp\/v2\/pages\/658\/revisions\/745"}],"wp:attachment":[{"href":"https:\/\/www.lvdca.lt\/index.php?rest_route=%2Fwp%2Fv2%2Fmedia&parent=658"}],"curies":[{"name":"wp","href":"https:\/\/api.w.org\/{rel}","templated":true}]}}